{"id":667,"date":"2022-02-14T20:01:46","date_gmt":"2022-02-14T19:01:46","guid":{"rendered":"https:\/\/www.tenerifemaintenance.com\/informativa-sulla-privacy\/"},"modified":"2025-04-23T14:56:39","modified_gmt":"2025-04-23T12:56:39","slug":"informativa-sulla-privacy","status":"publish","type":"page","link":"https:\/\/www.tenerifemaintenance.com\/it\/informativa-sulla-privacy\/","title":{"rendered":"Informativa sulla privacy"},"content":{"rendered":"\t\t<div data-elementor-type=\"wp-post\" data-elementor-id=\"667\" class=\"elementor elementor-667 elementor-69\" data-elementor-post-type=\"page\">\n\t\t\t\t\t\t<section class=\"elementor-section elementor-top-section elementor-element elementor-element-046c6d7 elementor-section-content-middle elementor-section-boxed elementor-section-height-default elementor-section-height-default\" data-id=\"046c6d7\" data-element_type=\"section\" data-settings=\"{&quot;background_background&quot;:&quot;classic&quot;}\">\n\t\t\t\t\t\t<div class=\"elementor-container elementor-column-gap-default\">\n\t\t\t\t\t<div class=\"elementor-column elementor-col-100 elementor-top-column elementor-element elementor-element-6d61aaf\" data-id=\"6d61aaf\" data-element_type=\"column\">\n\t\t\t<div class=\"elementor-widget-wrap elementor-element-populated\">\n\t\t\t\t\t\t<div class=\"elementor-element elementor-element-b5bc29b elementor-widget elementor-widget-spacer\" data-id=\"b5bc29b\" data-element_type=\"widget\" data-widget_type=\"spacer.default\">\n\t\t\t\t<div class=\"elementor-widget-container\">\n\t\t\t\t\t<div class=\"elementor-spacer\">\n\t\t\t<div class=\"elementor-spacer-inner\"><\/div>\n\t\t<\/div>\n\t\t\t\t<\/div>\n\t\t\t\t<\/div>\n\t\t\t\t<div class=\"elementor-element elementor-element-6b5fd16 elementor-widget elementor-widget-heading\" data-id=\"6b5fd16\" data-element_type=\"widget\" data-widget_type=\"heading.default\">\n\t\t\t\t<div class=\"elementor-widget-container\">\n\t\t\t<h1 class=\"elementor-heading-title elementor-size-default\">Informativa sulla privacy<\/h1>\t\t<\/div>\n\t\t\t\t<\/div>\n\t\t\t\t<div class=\"elementor-element elementor-element-db58a40 elementor-widget elementor-widget-spacer\" data-id=\"db58a40\" data-element_type=\"widget\" data-widget_type=\"spacer.default\">\n\t\t\t\t<div class=\"elementor-widget-container\">\n\t\t\t\t\t<div class=\"elementor-spacer\">\n\t\t\t<div class=\"elementor-spacer-inner\"><\/div>\n\t\t<\/div>\n\t\t\t\t<\/div>\n\t\t\t\t<\/div>\n\t\t\t\t<div class=\"elementor-element elementor-element-944fa24 elementor-widget elementor-widget-image\" data-id=\"944fa24\" data-element_type=\"widget\" data-widget_type=\"image.default\">\n\t\t\t\t<div class=\"elementor-widget-container\">\n\t\t\t\t\t\t\t\t\t\t\t\t\t<img decoding=\"async\" width=\"1704\" height=\"12\" src=\"https:\/\/www.tenerifemaintenance.com\/wp-content\/uploads\/2025\/04\/Ciara-PNG.png\" class=\"attachment-full size-full wp-image-258\" alt=\"\" srcset=\"https:\/\/www.tenerifemaintenance.com\/wp-content\/uploads\/2025\/04\/Ciara-PNG.png 1704w, https:\/\/www.tenerifemaintenance.com\/wp-content\/uploads\/2025\/04\/Ciara-PNG-300x2.png 300w, https:\/\/www.tenerifemaintenance.com\/wp-content\/uploads\/2025\/04\/Ciara-PNG-1024x7.png 1024w, https:\/\/www.tenerifemaintenance.com\/wp-content\/uploads\/2025\/04\/Ciara-PNG-768x5.png 768w, https:\/\/www.tenerifemaintenance.com\/wp-content\/uploads\/2025\/04\/Ciara-PNG-1536x11.png 1536w\" sizes=\"(max-width: 1704px) 100vw, 1704px\" \/>\t\t\t\t\t\t\t\t\t\t\t\t\t<\/div>\n\t\t\t\t<\/div>\n\t\t\t\t\t<\/div>\n\t\t<\/div>\n\t\t\t\t\t<\/div>\n\t\t<\/section>\n\t\t\t\t<section class=\"elementor-section elementor-top-section elementor-element elementor-element-f463ba9 elementor-section-boxed elementor-section-height-default elementor-section-height-default\" data-id=\"f463ba9\" data-element_type=\"section\" data-settings=\"{&quot;background_background&quot;:&quot;classic&quot;}\">\n\t\t\t\t\t\t<div class=\"elementor-container elementor-column-gap-default\">\n\t\t\t\t\t<div class=\"elementor-column elementor-col-100 elementor-top-column elementor-element elementor-element-1e09e87\" data-id=\"1e09e87\" data-element_type=\"column\">\n\t\t\t<div class=\"elementor-widget-wrap elementor-element-populated\">\n\t\t\t\t\t\t<div class=\"elementor-element elementor-element-4af5125 elementor-widget elementor-widget-text-editor\" data-id=\"4af5125\" data-element_type=\"widget\" data-widget_type=\"text-editor.default\">\n\t\t\t\t<div class=\"elementor-widget-container\">\n\t\t\t\t\t\t\t<p><strong>INFORMACI\u00d3N AL USUARIO<\/strong><\/p><p>Oscar Caza\u00f1as Rodriguez , como Responsable del Tratamiento le informa que, seg\u00fan lo dispuesto en el Reglamento (UE) 2016\/679, de 27 de abril de 2016, de protecci\u00f3n de datos personales (RGPD), trataremos su datos tal y como reflejamos en la presente Pol\u00edtica de Privacidad.<\/p><p>En esta Pol\u00edtica de Privacidad describimos c\u00f3mo recogemos sus datos personales y por qu\u00e9 los recogemos, qu\u00e9 hacemos con ellos, con qui\u00e9n los compartimos, c\u00f3mo los protegemos y sus opciones en cuanto al tratamiento de sus datos personales.<\/p><p>Esta Pol\u00edtica se aplica al tratamiento de sus datos personales recogidos por la empresa para la prestaci\u00f3n de sus servicios. Si acepta las medidas de esta Pol\u00edtica, acepta que tratemos sus datos personales como se define en esta Pol\u00edtica.<\/p><p><strong>CONTACTO<\/strong><\/p><p>ROAX &#8211; TENERIFE, S.L., .<br \/>CL. Isora, 16<br \/>38678 Adeje<br \/>(Santa Cruz de Tenerife). Correo electr\u00f3nico DPO: <a class=\"elementor-button elementor-button-link elementor-size-sm elementor-animation-shrink\" href=\"mailto:%20roaxtenerife@gmail.com\"><span class=\"elementor-button-content-wrapper\"><span class=\"elementor-button-text\">roaxtenerife@gmail.com<\/span><\/span><\/a><\/p><p><strong>PRINCIPIOS CLAVE<\/strong><br \/>Siempre hemos estado comprometidos con prestar nuestros servicios con el m\u00e1s alto grado de calidad, lo que incluye tratar sus datos con seguridad y transparencia. Nuestros principios son:<\/p><ul class=\"wp-block-list\"><li><strong>Legalidad<\/strong>: Solo recopilaremos sus Datos personales para fines espec\u00edficos, expl\u00edcitos y leg\u00edtimos.<\/li><li><strong>Minimizaci\u00f3n de datos<\/strong>: Limitamos la recogida de datos de car\u00e1cter personal a lo que es estrictamente relevante y necesario para los fines para los que se han recopilado.<\/li><li><strong>Limitaci\u00f3n de la Finalidad<\/strong>: Solo recogeremos sus datos personales para los fines declarados y solo seg\u00fan sus deseos.<\/li><li><strong>Precisi\u00f3n<\/strong>: Mantendremos sus datos personales exactos y actualizados.<\/li><li><strong>Seguridad de los Datos<\/strong>: Aplicamos las medidas t\u00e9cnicas y organizativas adecuadas y proporcionales a los riesgos para garantizar que sus datos no sufran da\u00f1os, tales como divulgaci\u00f3n o acceso no autorizado, la destrucci\u00f3n accidental o il\u00edcita o su p\u00e9rdida accidental o alteraci\u00f3n y cualquier otra forma de tratamiento il\u00edcito.<\/li><li><strong>Acceso y Rectificaci\u00f3n<\/strong>: Disponemos de medios para que acceda o rectifique sus datos cuando lo considere oportuno.<\/li><li><strong>Conservaci\u00f3n<\/strong>: Conservamos sus datos personales de manera legal y apropiada y solo mientras es necesario para los fines para los que se han recopilado.<\/li><li><strong>Las transferencias internacionales<\/strong>: cuando se d\u00e9 el caso de que sus datos vayan a ser transferidos fuera de la UE\/EEE se proteger\u00e1n adecuadamente.<\/li><li><strong>Terceros<\/strong>: El acceso y transferencia de datos personales a terceros se llevan a cabo de acuerdo con las leyes y reglamentos aplicables y con las garant\u00edas contractuales adecuadas.<\/li><li><strong>Marketing Directo y cookies<\/strong>: Cumplimos con la legislaci\u00f3n aplicable en materia de publicidad y cookies.<\/li><\/ul><p><strong>RECOGIDA Y TRATAMIENTO DE SUS DATOS PERSONALES<\/strong><br \/>Las tipos de datos que se \u00a0solicitan y tratan son:<\/p><ul class=\"wp-block-list\"><li>Datos de car\u00e1cter identificativo, de caracter\u00edsticas personales y de circunstancias sociales.<\/li><li>Datos econ\u00f3micos, en su caso.<\/li><\/ul><p>Tambi\u00e9n recogemos de forma autom\u00e1tica datos sobre su visita a nuestro sitio web\u00a0 seg\u00fan se describe en la secci\u00f3n \u201cUso de cookies\u201d m\u00e1s adelante.<\/p><p>Siempre que solicitemos sus Datos personales, le informaremos con claridad de qu\u00e9 datos personales recogemos y con qu\u00e9 fin. En general, recogemos y tratamos sus datos personales con el prop\u00f3sito de:<\/p><ul class=\"wp-block-list\"><li>Proporcionar informaci\u00f3n sobre nuestros productos y servicios.<\/li><li>Prestar nuestros servicios.<\/li><li>Responder a sus consultas y solicitudes.<\/li><\/ul><p><strong>LEGITIMIDAD<\/strong><\/p><p>De acuerdo con la normativa de protecci\u00f3n de datos aplicable, sus datos personales pueden procesarse si:<\/p><ul class=\"wp-block-list\"><li>Nos ha dado su consentimiento a los efectos del tratamiento. Por supuesto, \u00a0podr\u00e1 retirar su consentimiento en cualquier momento.<\/li><li>Es necesario para la prestaci\u00f3n de alguno de nuestros servicios mediante relaci\u00f3n contractual entre usted y nosotros.<\/li><li>Con dicho tratamiento, buscamos un inter\u00e9s leg\u00edtimo que no se vea menoscabado por sus derechos de privacidad. Dicho inter\u00e9s leg\u00edtimo se le comunicar\u00e1 debidamente en el aviso de privacidad relacionado con ese tratamiento en particular.<\/li><li>Es requerido por la ley<\/li><\/ul><p><strong>SUS DERECHOS<\/strong><\/p><p>En relaci\u00f3n con la recogida y tratamiento de sus datos personales, puede ponerse en contacto con nosotros en cualquier momento para:<\/p><ul class=\"wp-block-list\"><li>Saber si tratamos sus datos personales.<\/li><li>Acceder a sus datos personales y a cualquier otra informaci\u00f3n indicada en el Art\u00edculo 15.1 del RGPD.<\/li><li>Rectificar sus datos personales que sean inexactos o est\u00e9n incompletos de acuerdo con el Art\u00edculo 16 del RGPD.<\/li><li>Suprimir sus datos personales de acuerdo con el Art\u00edculo 17 del RGPD.<\/li><li>Limitar el tratamiento de sus datos personales de acuerdo con el Art\u00edculo 18 del RGPD.<\/li><li>Solicitar la portabilidad de sus datos de acuerdo con el Art\u00edculo 20 del RGPD.<\/li><li>Oponerse al tratamiento de sus datos personales de acuerdo con el art\u00edculo 21 del RGPD.<\/li><\/ul><p>Si ha otorgado su consentimiento para alguna finalidad concreta, tiene derecho a retirar el consentimiento otorgado en cualquier momento, sin que ello afecte a la licitud del tratamiento basado en el consentimiento previo a su retirada. Para ejercer sus derechos puede enviarnos una comunicaci\u00f3n a canariascleaningpremium@gmail.com.<\/p><p><strong>INFORMACI\u00d3N LEGAL<\/strong><br \/>Los requisitos de esta Pol\u00edtica complementan, y no reemplazan, cualquier otro requisito existente bajo la ley de protecci\u00f3n de datos aplicable, que ser\u00e1 la que prevalezca en cualquier caso.<\/p><p>Esta Pol\u00edtica est\u00e1 sujeta a revisiones peri\u00f3dicas y la empresa puede modificarla en cualquier momento. Cuando esto ocurra, le avisaremos de cualquier cambio y le pediremos que vuelva a leer la versi\u00f3n m\u00e1s reciente de nuestra Pol\u00edtica y que confirme su aceptaci\u00f3n.<\/p><p><strong>INFORMACI\u00d3N DE INTER\u00c9S<\/strong><br \/>Si quiere o necesita poner acceder a nuestras hojas de reclamaciones, solo tiene que ponerse en contacto con nosotros a trav\u00e9s del siguiente email: canariascleaningpremium@gmail.com y te daremos informaci\u00f3n detallada.<\/p><p>As\u00ed mismo, si necesita gestionar alg\u00fan tipo de queja, deber\u00e1 enviarnos un correo electr\u00f3nico a la misma direcci\u00f3n canariascleaningpremium@gmail.com para poder atenderla con la m\u00e1xima celeridad posible.<\/p>\t\t\t\t\t\t<\/div>\n\t\t\t\t<\/div>\n\t\t\t\t\t<\/div>\n\t\t<\/div>\n\t\t\t\t\t<\/div>\n\t\t<\/section>\n\t\t\t\t<\/div>\n\t\t","protected":false},"excerpt":{"rendered":"<p>Informativa sulla privacy INFORMACI\u00d3N AL USUARIO Oscar Caza\u00f1as Rodriguez , como Responsable del Tratamiento le informa que, seg\u00fan lo dispuesto en el Reglamento (UE) 2016\/679, de 27 de abril de 2016, de protecci\u00f3n de datos personales (RGPD), trataremos su datos tal y como reflejamos en la presente Pol\u00edtica de Privacidad. En esta Pol\u00edtica de Privacidad [&hellip;]<\/p>\n","protected":false},"author":3,"featured_media":0,"parent":0,"menu_order":0,"comment_status":"closed","ping_status":"closed","template":"elementor_header_footer","meta":{"footnotes":""},"class_list":["post-667","page","type-page","status-publish","hentry"],"yoast_head":"<!-- This site is optimized with the Yoast SEO plugin v23.7 - https:\/\/yoast.com\/wordpress\/plugins\/seo\/ -->\n<title>Informativa sulla privacy - Painting &amp; Cleaning<\/title>\n<meta name=\"description\" content=\"Pre\u010d\u00edtajte si ak\u00e9 sprac\u00favame osobn\u00e9 \u00fadaje a najm\u00e4 ako ich chr\u00e1nime\" \/>\n<meta name=\"robots\" content=\"index, follow, max-snippet:-1, max-image-preview:large, max-video-preview:-1\" \/>\n<link rel=\"canonical\" href=\"https:\/\/www.tenerifemaintenance.com\/politica-de-privacidad\/\" \/>\n<meta property=\"og:locale\" content=\"it_IT\" \/>\n<meta property=\"og:type\" content=\"article\" \/>\n<meta property=\"og:title\" content=\"Informativa sulla privacy - Painting &amp; Cleaning\" \/>\n<meta property=\"og:description\" content=\"Pre\u010d\u00edtajte si ak\u00e9 sprac\u00favame osobn\u00e9 \u00fadaje a najm\u00e4 ako ich chr\u00e1nime\" \/>\n<meta property=\"og:url\" content=\"https:\/\/www.tenerifemaintenance.com\/politica-de-privacidad\/\" \/>\n<meta property=\"og:site_name\" content=\"Painting &amp; Cleaning\" \/>\n<meta property=\"article:modified_time\" content=\"2025-04-23T12:56:39+00:00\" \/>\n<meta property=\"og:image\" content=\"https:\/\/www.tenerifemaintenance.com\/wp-content\/uploads\/2025\/04\/Ciara-PNG.png\" \/>\n\t<meta property=\"og:image:width\" content=\"1704\" \/>\n\t<meta property=\"og:image:height\" content=\"12\" \/>\n\t<meta property=\"og:image:type\" content=\"image\/png\" \/>\n<meta name=\"twitter:card\" content=\"summary_large_image\" \/>\n<meta name=\"twitter:label1\" content=\"Tempo di lettura stimato\" \/>\n\t<meta name=\"twitter:data1\" content=\"30 minuti\" \/>\n<script type=\"application\/ld+json\" class=\"yoast-schema-graph\">{\"@context\":\"https:\/\/schema.org\",\"@graph\":[{\"@type\":\"WebPage\",\"@id\":\"https:\/\/www.tenerifemaintenance.com\/politica-de-privacidad\/\",\"url\":\"https:\/\/www.tenerifemaintenance.com\/politica-de-privacidad\/\",\"name\":\"Informativa sulla privacy - Painting &amp; Cleaning\",\"isPartOf\":{\"@id\":\"https:\/\/www.tenerifemaintenance.com\/#website\"},\"primaryImageOfPage\":{\"@id\":\"https:\/\/www.tenerifemaintenance.com\/politica-de-privacidad\/#primaryimage\"},\"image\":{\"@id\":\"https:\/\/www.tenerifemaintenance.com\/politica-de-privacidad\/#primaryimage\"},\"thumbnailUrl\":\"https:\/\/www.tenerifemaintenance.com\/wp-content\/uploads\/2025\/04\/Ciara-PNG.png\",\"datePublished\":\"2022-02-14T19:01:46+00:00\",\"dateModified\":\"2025-04-23T12:56:39+00:00\",\"description\":\"Pre\u010d\u00edtajte si ak\u00e9 sprac\u00favame osobn\u00e9 \u00fadaje a najm\u00e4 ako ich chr\u00e1nime\",\"breadcrumb\":{\"@id\":\"https:\/\/www.tenerifemaintenance.com\/politica-de-privacidad\/#breadcrumb\"},\"inLanguage\":\"it-IT\",\"potentialAction\":[{\"@type\":\"ReadAction\",\"target\":[\"https:\/\/www.tenerifemaintenance.com\/politica-de-privacidad\/\"]}]},{\"@type\":\"ImageObject\",\"inLanguage\":\"it-IT\",\"@id\":\"https:\/\/www.tenerifemaintenance.com\/politica-de-privacidad\/#primaryimage\",\"url\":\"https:\/\/www.tenerifemaintenance.com\/wp-content\/uploads\/2025\/04\/Ciara-PNG.png\",\"contentUrl\":\"https:\/\/www.tenerifemaintenance.com\/wp-content\/uploads\/2025\/04\/Ciara-PNG.png\"},{\"@type\":\"BreadcrumbList\",\"@id\":\"https:\/\/www.tenerifemaintenance.com\/politica-de-privacidad\/#breadcrumb\",\"itemListElement\":[{\"@type\":\"ListItem\",\"position\":1,\"name\":\"Home\",\"item\":\"https:\/\/www.tenerifemaintenance.com\/\"},{\"@type\":\"ListItem\",\"position\":2,\"name\":\"Informativa sulla privacy\"}]},{\"@type\":\"WebSite\",\"@id\":\"https:\/\/www.tenerifemaintenance.com\/#website\",\"url\":\"https:\/\/www.tenerifemaintenance.com\/\",\"name\":\"Painting &amp; Cleaning\",\"description\":\"\",\"publisher\":{\"@id\":\"https:\/\/www.tenerifemaintenance.com\/#organization\"},\"potentialAction\":[{\"@type\":\"SearchAction\",\"target\":{\"@type\":\"EntryPoint\",\"urlTemplate\":\"https:\/\/www.tenerifemaintenance.com\/?s={search_term_string}\"},\"query-input\":{\"@type\":\"PropertyValueSpecification\",\"valueRequired\":true,\"valueName\":\"search_term_string\"}}],\"inLanguage\":\"it-IT\"},{\"@type\":\"Organization\",\"@id\":\"https:\/\/www.tenerifemaintenance.com\/#organization\",\"name\":\"Painting &amp; Cleaning\",\"url\":\"https:\/\/www.tenerifemaintenance.com\/\",\"logo\":{\"@type\":\"ImageObject\",\"inLanguage\":\"it-IT\",\"@id\":\"https:\/\/www.tenerifemaintenance.com\/#\/schema\/logo\/image\/\",\"url\":\"https:\/\/www.tenerifemaintenance.com\/wp-content\/uploads\/2025\/04\/Logo-cierne-pozadie.png\",\"contentUrl\":\"https:\/\/www.tenerifemaintenance.com\/wp-content\/uploads\/2025\/04\/Logo-cierne-pozadie.png\",\"width\":375,\"height\":205,\"caption\":\"Painting &amp; Cleaning\"},\"image\":{\"@id\":\"https:\/\/www.tenerifemaintenance.com\/#\/schema\/logo\/image\/\"}}]}<\/script>\n<!-- \/ Yoast SEO plugin. -->","yoast_head_json":{"title":"Informativa sulla privacy - Painting &amp; Cleaning","description":"Pre\u010d\u00edtajte si ak\u00e9 sprac\u00favame osobn\u00e9 \u00fadaje a najm\u00e4 ako ich chr\u00e1nime","robots":{"index":"index","follow":"follow","max-snippet":"max-snippet:-1","max-image-preview":"max-image-preview:large","max-video-preview":"max-video-preview:-1"},"canonical":"https:\/\/www.tenerifemaintenance.com\/politica-de-privacidad\/","og_locale":"it_IT","og_type":"article","og_title":"Informativa sulla privacy - Painting &amp; Cleaning","og_description":"Pre\u010d\u00edtajte si ak\u00e9 sprac\u00favame osobn\u00e9 \u00fadaje a najm\u00e4 ako ich chr\u00e1nime","og_url":"https:\/\/www.tenerifemaintenance.com\/politica-de-privacidad\/","og_site_name":"Painting &amp; Cleaning","article_modified_time":"2025-04-23T12:56:39+00:00","og_image":[{"width":1704,"height":12,"url":"https:\/\/www.tenerifemaintenance.com\/wp-content\/uploads\/2025\/04\/Ciara-PNG.png","type":"image\/png"}],"twitter_card":"summary_large_image","twitter_misc":{"Tempo di lettura stimato":"30 minuti"},"schema":{"@context":"https:\/\/schema.org","@graph":[{"@type":"WebPage","@id":"https:\/\/www.tenerifemaintenance.com\/politica-de-privacidad\/","url":"https:\/\/www.tenerifemaintenance.com\/politica-de-privacidad\/","name":"Informativa sulla privacy - Painting &amp; Cleaning","isPartOf":{"@id":"https:\/\/www.tenerifemaintenance.com\/#website"},"primaryImageOfPage":{"@id":"https:\/\/www.tenerifemaintenance.com\/politica-de-privacidad\/#primaryimage"},"image":{"@id":"https:\/\/www.tenerifemaintenance.com\/politica-de-privacidad\/#primaryimage"},"thumbnailUrl":"https:\/\/www.tenerifemaintenance.com\/wp-content\/uploads\/2025\/04\/Ciara-PNG.png","datePublished":"2022-02-14T19:01:46+00:00","dateModified":"2025-04-23T12:56:39+00:00","description":"Pre\u010d\u00edtajte si ak\u00e9 sprac\u00favame osobn\u00e9 \u00fadaje a najm\u00e4 ako ich chr\u00e1nime","breadcrumb":{"@id":"https:\/\/www.tenerifemaintenance.com\/politica-de-privacidad\/#breadcrumb"},"inLanguage":"it-IT","potentialAction":[{"@type":"ReadAction","target":["https:\/\/www.tenerifemaintenance.com\/politica-de-privacidad\/"]}]},{"@type":"ImageObject","inLanguage":"it-IT","@id":"https:\/\/www.tenerifemaintenance.com\/politica-de-privacidad\/#primaryimage","url":"https:\/\/www.tenerifemaintenance.com\/wp-content\/uploads\/2025\/04\/Ciara-PNG.png","contentUrl":"https:\/\/www.tenerifemaintenance.com\/wp-content\/uploads\/2025\/04\/Ciara-PNG.png"},{"@type":"BreadcrumbList","@id":"https:\/\/www.tenerifemaintenance.com\/politica-de-privacidad\/#breadcrumb","itemListElement":[{"@type":"ListItem","position":1,"name":"Home","item":"https:\/\/www.tenerifemaintenance.com\/"},{"@type":"ListItem","position":2,"name":"Informativa sulla privacy"}]},{"@type":"WebSite","@id":"https:\/\/www.tenerifemaintenance.com\/#website","url":"https:\/\/www.tenerifemaintenance.com\/","name":"Painting &amp; Cleaning","description":"","publisher":{"@id":"https:\/\/www.tenerifemaintenance.com\/#organization"},"potentialAction":[{"@type":"SearchAction","target":{"@type":"EntryPoint","urlTemplate":"https:\/\/www.tenerifemaintenance.com\/?s={search_term_string}"},"query-input":{"@type":"PropertyValueSpecification","valueRequired":true,"valueName":"search_term_string"}}],"inLanguage":"it-IT"},{"@type":"Organization","@id":"https:\/\/www.tenerifemaintenance.com\/#organization","name":"Painting &amp; Cleaning","url":"https:\/\/www.tenerifemaintenance.com\/","logo":{"@type":"ImageObject","inLanguage":"it-IT","@id":"https:\/\/www.tenerifemaintenance.com\/#\/schema\/logo\/image\/","url":"https:\/\/www.tenerifemaintenance.com\/wp-content\/uploads\/2025\/04\/Logo-cierne-pozadie.png","contentUrl":"https:\/\/www.tenerifemaintenance.com\/wp-content\/uploads\/2025\/04\/Logo-cierne-pozadie.png","width":375,"height":205,"caption":"Painting &amp; Cleaning"},"image":{"@id":"https:\/\/www.tenerifemaintenance.com\/#\/schema\/logo\/image\/"}}]}},"_links":{"self":[{"href":"https:\/\/www.tenerifemaintenance.com\/it\/wp-json\/wp\/v2\/pages\/667","targetHints":{"allow":["GET"]}}],"collection":[{"href":"https:\/\/www.tenerifemaintenance.com\/it\/wp-json\/wp\/v2\/pages"}],"about":[{"href":"https:\/\/www.tenerifemaintenance.com\/it\/wp-json\/wp\/v2\/types\/page"}],"author":[{"embeddable":true,"href":"https:\/\/www.tenerifemaintenance.com\/it\/wp-json\/wp\/v2\/users\/3"}],"replies":[{"embeddable":true,"href":"https:\/\/www.tenerifemaintenance.com\/it\/wp-json\/wp\/v2\/comments?post=667"}],"version-history":[{"count":7,"href":"https:\/\/www.tenerifemaintenance.com\/it\/wp-json\/wp\/v2\/pages\/667\/revisions"}],"predecessor-version":[{"id":986,"href":"https:\/\/www.tenerifemaintenance.com\/it\/wp-json\/wp\/v2\/pages\/667\/revisions\/986"}],"wp:attachment":[{"href":"https:\/\/www.tenerifemaintenance.com\/it\/wp-json\/wp\/v2\/media?parent=667"}],"curies":[{"name":"wp","href":"https:\/\/api.w.org\/{rel}","templated":true}]}}