{"id":673,"date":"2022-02-14T19:56:10","date_gmt":"2022-02-14T18:56:10","guid":{"rendered":"https:\/\/www.tenerifemaintenance.com\/utilizzo-dei-cookie\/"},"modified":"2025-04-23T14:54:31","modified_gmt":"2025-04-23T12:54:31","slug":"utilizzo-dei-cookie","status":"publish","type":"page","link":"https:\/\/www.tenerifemaintenance.com\/it\/utilizzo-dei-cookie\/","title":{"rendered":"Utilizzo dei cookie"},"content":{"rendered":"\t\t<div data-elementor-type=\"wp-post\" data-elementor-id=\"673\" class=\"elementor elementor-673 elementor-54\" data-elementor-post-type=\"page\">\n\t\t\t\t\t\t<section class=\"elementor-section elementor-top-section elementor-element elementor-element-2b21584 elementor-section-content-middle elementor-section-boxed elementor-section-height-default elementor-section-height-default\" data-id=\"2b21584\" data-element_type=\"section\" data-settings=\"{&quot;background_background&quot;:&quot;classic&quot;}\">\n\t\t\t\t\t\t<div class=\"elementor-container elementor-column-gap-default\">\n\t\t\t\t\t<div class=\"elementor-column elementor-col-100 elementor-top-column elementor-element elementor-element-87f817a\" data-id=\"87f817a\" data-element_type=\"column\">\n\t\t\t<div class=\"elementor-widget-wrap elementor-element-populated\">\n\t\t\t\t\t\t<div class=\"elementor-element elementor-element-d3224af elementor-widget elementor-widget-spacer\" data-id=\"d3224af\" data-element_type=\"widget\" data-widget_type=\"spacer.default\">\n\t\t\t\t<div class=\"elementor-widget-container\">\n\t\t\t\t\t<div class=\"elementor-spacer\">\n\t\t\t<div class=\"elementor-spacer-inner\"><\/div>\n\t\t<\/div>\n\t\t\t\t<\/div>\n\t\t\t\t<\/div>\n\t\t\t\t<div class=\"elementor-element elementor-element-1f74769 elementor-widget elementor-widget-heading\" data-id=\"1f74769\" data-element_type=\"widget\" data-widget_type=\"heading.default\">\n\t\t\t\t<div class=\"elementor-widget-container\">\n\t\t\t<h1 class=\"elementor-heading-title elementor-size-default\">Utilizzo dei cookie<\/h1>\t\t<\/div>\n\t\t\t\t<\/div>\n\t\t\t\t<div class=\"elementor-element elementor-element-6bc6174 elementor-widget elementor-widget-spacer\" data-id=\"6bc6174\" data-element_type=\"widget\" data-widget_type=\"spacer.default\">\n\t\t\t\t<div class=\"elementor-widget-container\">\n\t\t\t\t\t<div class=\"elementor-spacer\">\n\t\t\t<div class=\"elementor-spacer-inner\"><\/div>\n\t\t<\/div>\n\t\t\t\t<\/div>\n\t\t\t\t<\/div>\n\t\t\t\t<div class=\"elementor-element elementor-element-f558330 elementor-widget elementor-widget-image\" data-id=\"f558330\" data-element_type=\"widget\" data-widget_type=\"image.default\">\n\t\t\t\t<div class=\"elementor-widget-container\">\n\t\t\t\t\t\t\t\t\t\t\t\t\t<img decoding=\"async\" width=\"1704\" height=\"12\" src=\"https:\/\/www.tenerifemaintenance.com\/wp-content\/uploads\/2025\/04\/Ciara-PNG.png\" class=\"attachment-full size-full wp-image-258\" alt=\"\" srcset=\"https:\/\/www.tenerifemaintenance.com\/wp-content\/uploads\/2025\/04\/Ciara-PNG.png 1704w, https:\/\/www.tenerifemaintenance.com\/wp-content\/uploads\/2025\/04\/Ciara-PNG-300x2.png 300w, https:\/\/www.tenerifemaintenance.com\/wp-content\/uploads\/2025\/04\/Ciara-PNG-1024x7.png 1024w, https:\/\/www.tenerifemaintenance.com\/wp-content\/uploads\/2025\/04\/Ciara-PNG-768x5.png 768w, https:\/\/www.tenerifemaintenance.com\/wp-content\/uploads\/2025\/04\/Ciara-PNG-1536x11.png 1536w\" sizes=\"(max-width: 1704px) 100vw, 1704px\" \/>\t\t\t\t\t\t\t\t\t\t\t\t\t<\/div>\n\t\t\t\t<\/div>\n\t\t\t\t\t<\/div>\n\t\t<\/div>\n\t\t\t\t\t<\/div>\n\t\t<\/section>\n\t\t\t\t<section class=\"elementor-section elementor-top-section elementor-element elementor-element-3ce1701 elementor-section-boxed elementor-section-height-default elementor-section-height-default\" data-id=\"3ce1701\" data-element_type=\"section\" data-settings=\"{&quot;background_background&quot;:&quot;classic&quot;}\">\n\t\t\t\t\t\t<div class=\"elementor-container elementor-column-gap-default\">\n\t\t\t\t\t<div class=\"elementor-column elementor-col-100 elementor-top-column elementor-element elementor-element-7ef65dd\" data-id=\"7ef65dd\" data-element_type=\"column\">\n\t\t\t<div class=\"elementor-widget-wrap elementor-element-populated\">\n\t\t\t\t\t\t<div class=\"elementor-element elementor-element-fef66b7 elementor-widget elementor-widget-text-editor\" data-id=\"fef66b7\" data-element_type=\"widget\" data-widget_type=\"text-editor.default\">\n\t\t\t\t<div class=\"elementor-widget-container\">\n\t\t\t\t\t\t\t<p><strong><u>Transparencia en la informaci\u00f3n e identificaci\u00f3n del editor responsable de https:\/\/www.tenerifemaintenance.com\/<\/u><\/strong><\/p><p>A trav\u00e9s de la presente pol\u00edtica de cookies, ROAX &#8211; TENERIFE, S.L., . CL. Isora, 16, 38678 Adeje (Santa Cruz de Tenerife), se compromete a ser lo m\u00e1s transparente posible a la hora de facilitarle la informaci\u00f3n acerca del tratamiento que realizamos al navegar por https:\/\/www.tenerifemaintenance.com\/, para dar as\u00ed cumplimiento con el deber de informaci\u00f3n recogido en el art\u00edculo 22.2 de la <a href=\"https:\/\/www.boe.es\/buscar\/act.php?id=BOE-A-2002-13758\" target=\"_blank\" rel=\"noopener\">Ley 34\/2002, de 11 de julio, de Servicios de la Sociedad de la Informaci\u00f3n y de Comercio Electr\u00f3nico<\/a>\u00a0(<strong>LSSICE).<\/strong><\/p><p>Cualquier duda que tenga al respecto, puede ponerse en contacto con nosotros mediante los canales de comunicaci\u00f3n indicados en el apartado de nuestra\u00a0Pol\u00edtica de Privacidad.<\/p><p><strong><u>\u00bfQu\u00e9 es una cookie?<\/u><\/strong><\/p><p><strong><u>\u00a0<\/u><\/strong><\/p><p>La web https:\/\/www.tenerifemaintenance.com\/\u00a0utiliza cookies y\/o tecnolog\u00edas similares que almacenan y recuperan informaci\u00f3n cuando navegas. En general, estas tecnolog\u00edas pueden servir para finalidades muy diversas, como, por ejemplo, reconocerte como usuario, obtener informaci\u00f3n sobre tus h\u00e1bitos de navegaci\u00f3n, o personalizar la forma en que se muestra el contenido. Los usos concretos que hacemos de estas tecnolog\u00edas se describen en el siguiente apartado. Para conocer todas las cookies existentes, puedes acceder a la\u00a0<a href=\"https:\/\/www.aepd.es\/es\/documento\/guia-cookies.pdf\" target=\"_blank\" rel=\"noopener\">Gu\u00eda de cookies publicada por la Agencia Espa\u00f1ola de Protecci\u00f3n de Datos<\/a>.<\/p><p><strong><u>\u00bfQu\u00e9 tipos de cookies utilizamos?<\/u><\/strong><\/p><p><strong><u>\u00a0<\/u><\/strong><\/p><p>Seg\u00fan quien realice la gesti\u00f3n, utilizamos:<\/p><p><strong>\u00a0<\/strong><\/p><ol><li><strong>Cookies propias:\u00a0<\/strong>son aquellas que se env\u00edan al equipo terminal del usuario desde un equipo o dominio gestionado por el propio editor y desde el que se presta el servicio solicitado por el usuario.<\/li><\/ol><ol><li><strong>Cookies de terceros:\u00a0<\/strong>son aquellas que se env\u00edan al equipo terminal del usuario desde un equipo o dominio que no es gestionado por el editor, sino por otra entidad que trata los datos obtenidos trav\u00e9s de las cookies. En el cuadro\u00a0<em>RELACI\u00d3N DE COOKIES DE \u00abRT_WEB<\/em>\u00bb le identificamos los terceros para el cual se requiera el uso de cookies.<br \/><br \/><\/li><\/ol><p>Seg\u00fan el tipo de finalidad, utilizamos:<\/p><ol><li><strong>Cookies t\u00e9cnicas:\u00a0<\/strong>son aqu\u00e9llas que permiten al usuario la navegaci\u00f3n a trav\u00e9s de una p\u00e1gina web, plataforma o aplicaci\u00f3n y la utilizaci\u00f3n de las diferentes opciones\/servicios que existen en ella\u00a0<em>(por ejemplo: identificar una sesi\u00f3n, acceder a lugares de acceso restringido, recordar elementos que integran una compra, realizar el proceso de compra de un pedido, almacenar contenidos para la difusi\u00f3n de videos o sonido o compartir contenidos a trav\u00e9s de redes sociales, etc.<\/em>). Las cookies t\u00e9cnicas est\u00e1n exceptuadas del cumplimiento de las obligaciones de solicitud de consentimiento previo a su instalaci\u00f3n, cuando permitan prestar el servicio solicitado por el usuario.<\/li><\/ol><ol><li><strong>Anal\u00edticas<\/strong>: son aquellas que permiten al responsable de las mismas el seguimiento y an\u00e1lisis del comportamiento de los usuarios de los sitios web a los que est\u00e1n vinculadas, incluida la cuantificaci\u00f3n de los impactos de los anuncios. La informaci\u00f3n recogida mediante este tipo de cookies se utiliza en la medici\u00f3n de la actividad de los sitios web, aplicaci\u00f3n o plataforma, con el fin de introducir mejoras en funci\u00f3n del an\u00e1lisis de los datos de uso que hacen los usuarios del servicio.<\/li><\/ol><ol><li><strong>Cookies de preferencias o personalizaci\u00f3n:\u00a0<\/strong>son las que permiten recordar las preferencias de los usuarios cuando navegan en una web que ya han visitado. Por ejemplo, permiten recordar el idioma preferido de uso de la web, la regi\u00f3n en la cual se encuentra el usuario para proponerle contenido adecuado, o tambi\u00e9n el tipo de navegador a trav\u00e9s del cual acceder a un servicio concreto etc. Las cookies de preferencias son tambi\u00e9n las que permiten cambiar el tama\u00f1o del texto, la fuente o las otras partes de las p\u00e1ginas web que se pueden personalizar.\u00a0El objetivo de las cookies de personalizaci\u00f3n es ofrecer a los usuarios una navegaci\u00f3n m\u00e1s f\u00e1cil, fluida y personalizada.<\/li><\/ol><ol><li><strong>Cookies de redes sociales y otros plugings<\/strong>: Estas cookies permiten a los usuarios interactuar con el contenido de un sitio web en las redes sociales como Facebook, Twitter, YouTube etc. Un ejemplo del uso de esta cookie seria compartir un sitio en Facebook o hacer clic en \u201cMe gusta\u201d. Las condiciones de uso y la informaci\u00f3n recopilada de estas cookies est\u00e1n reguladas por las propias plataformas sociales.<\/li><\/ol><ol><li><em><strong>Cookies publicitarias<\/strong><\/em><em>:<\/em>Son aquellas que permiten la gesti\u00f3n, de la forma m\u00e1s eficaz posible, de los espacios publicitarios que, en su caso, el editor haya incluido en una p\u00e1gina web, aplicaci\u00f3n o plataforma desde la que presta el servicio solicitado en base a criterios como el contenido editado o la frecuencia en la que se muestran los anuncios.<br \/><br \/><\/li><\/ol><p>Seg\u00fan el plazo de tiempo que permanecen activas, utilizamos:<\/p><ol><li><strong>Cookies de sesi\u00f3n:<\/strong>\u00a0son aquellas dise\u00f1adas para recabar y almacenar datos mientras el usuario accede a una p\u00e1gina web. Se suelen emplear para almacenar informaci\u00f3n que solo interesa conservar para la prestaci\u00f3n del servicio solicitado por el usuario en una sola ocasi\u00f3n (por ejemplo, una lista de productos adquiridos) y desaparecen al terminar la sesi\u00f3n.<\/li><\/ol><ol><li><strong>Cookies persistentes:<\/strong>\u00a0son aquellas en las que los datos siguen almacenados en el terminal y pueden ser accedidos y tratados durante un periodo definido por el responsable de la cookie, y que puede ir de unos minutos a varios a\u00f1os.<br \/><br \/><\/li><\/ol><p><strong><u>\u00bfCu\u00e1l es el nivel de intromisi\u00f3n asociados a las cookies que usamos?<\/u><\/strong><\/p><p>Las cookies incorporan un criterio de \u201cnivel de intrusi\u00f3n\u201d apoyado en una escala del 1 al 3, en la que:<\/p><p><strong>Nivel 1<\/strong>: Se corresponde con cookies de uso interno imprescindibles para la prestaci\u00f3n del propio servicio solicitado por el usuario (t\u00e9cnicas)<\/p><p><strong>Nivel 2<\/strong>: Se corresponde con cookies an\u00f3nimas de uso interno necesarias para el mantenimiento de contenidos y navegaci\u00f3n, as\u00ed como a cookies gestionadas por terceros en el marco de servicios solicitados expresamente por el usuario en las webs de aquellos (ej.: Complementos Sociales de Facebook Twitter o Linkedin, v\u00eddeos incrustados, mapas).<\/p><p>\u00a0<\/p><p><strong>RELACI\u00d3N DE COOKIES DE\u00a0<\/strong>https:\/\/www.tenerifemaintenance.com\/<\/p>\t\t\t\t\t\t<\/div>\n\t\t\t\t<\/div>\n\t\t\t\t<div class=\"elementor-element elementor-element-79a3cfb elementor-widget elementor-widget-text-editor\" data-id=\"79a3cfb\" data-element_type=\"widget\" data-widget_type=\"text-editor.default\">\n\t\t\t\t<div class=\"elementor-widget-container\">\n\t\t\t\t\t\t\t<p>\u00a0<\/p><table><tbody><tr><td width=\"143\"><p><strong>TIPO DE COOKIE<\/strong><\/p><\/td><td width=\"148\"><p><strong>GESTOR<\/strong><\/p><\/td><td width=\"40\"><p><strong>COOKIE<\/strong><\/p><\/td><td width=\"74\"><p><strong>DURACI\u00d3N<\/strong><\/p><\/td><td width=\"66\"><p><strong>NIVEL<\/strong><\/p><\/td><td width=\"120\"><p><strong>FINALIDAD<\/strong><\/p><\/td><\/tr><tr><td width=\"143\"><p>elementor<\/p><\/td><td width=\"148\"><p><blockquote class=\"wp-embedded-content\" data-secret=\"WCNFwhsfcA\"><a href=\"https:\/\/www.tenerifemaintenance.com\/\">Introducci\u00f3n<\/a><\/blockquote><iframe class=\"wp-embedded-content\" sandbox=\"allow-scripts\" security=\"restricted\" style=\"position: absolute; visibility: hidden;\" title=\"\u00abIntroducci\u00f3n\u00bb \u2014 Painting &amp; Cleaning\" src=\"https:\/\/www.tenerifemaintenance.com\/embed\/#?secret=YDYAkEtX6h#?secret=WCNFwhsfcA\" data-secret=\"WCNFwhsfcA\" width=\"600\" height=\"338\" frameborder=\"0\" marginwidth=\"0\" marginheight=\"0\" scrolling=\"no\"><\/iframe><\/p><\/td><td width=\"40\"><p>HTML<\/p><\/td><td width=\"74\"><p>Permanente<\/p><\/td><td width=\"66\"><p>1<\/p><\/td><td width=\"120\"><p>Se utiliza en el contexto de un tema de sitio web de Word Press. Una cookie permite al propietario del sitio web implementar o cambiar el contenido del sitio web en tiempo real.<\/p><\/td><\/tr><\/tbody><\/table>\t\t\t\t\t\t<\/div>\n\t\t\t\t<\/div>\n\t\t\t\t\t<\/div>\n\t\t<\/div>\n\t\t\t\t\t<\/div>\n\t\t<\/section>\n\t\t\t\t<\/div>\n\t\t","protected":false},"excerpt":{"rendered":"<p>Utilizzo dei cookie Transparencia en la informaci\u00f3n e identificaci\u00f3n del editor responsable de https:\/\/www.tenerifemaintenance.com\/ A trav\u00e9s de la presente pol\u00edtica de cookies, ROAX &#8211; TENERIFE, S.L., . CL. Isora, 16, 38678 Adeje (Santa Cruz de Tenerife), se compromete a ser lo m\u00e1s transparente posible a la hora de facilitarle la informaci\u00f3n acerca del tratamiento que [&hellip;]<\/p>\n","protected":false},"author":3,"featured_media":0,"parent":0,"menu_order":0,"comment_status":"closed","ping_status":"closed","template":"elementor_header_footer","meta":{"footnotes":""},"class_list":["post-673","page","type-page","status-publish","hentry"],"yoast_head":"<!-- This site is optimized with the Yoast SEO plugin v23.7 - https:\/\/yoast.com\/wordpress\/plugins\/seo\/ -->\n<title>Utilizzo dei cookie - Painting &amp; Cleaning<\/title>\n<meta name=\"description\" content=\"Pre\u010d\u00edtajte si ak\u00e9 pou\u017e\u00edvame s\u00fabory cookies\" \/>\n<meta name=\"robots\" content=\"index, follow, max-snippet:-1, max-image-preview:large, max-video-preview:-1\" \/>\n<link rel=\"canonical\" href=\"https:\/\/www.tenerifemaintenance.com\/uso-de-cookies\/\" \/>\n<meta property=\"og:locale\" content=\"it_IT\" \/>\n<meta property=\"og:type\" content=\"article\" \/>\n<meta property=\"og:title\" content=\"Utilizzo dei cookie - Painting &amp; Cleaning\" \/>\n<meta property=\"og:description\" content=\"Pre\u010d\u00edtajte si ak\u00e9 pou\u017e\u00edvame s\u00fabory cookies\" \/>\n<meta property=\"og:url\" content=\"https:\/\/www.tenerifemaintenance.com\/uso-de-cookies\/\" \/>\n<meta property=\"og:site_name\" content=\"Painting &amp; Cleaning\" \/>\n<meta property=\"article:modified_time\" content=\"2025-04-23T12:54:31+00:00\" \/>\n<meta property=\"og:image\" content=\"https:\/\/www.tenerifemaintenance.com\/wp-content\/uploads\/2025\/04\/Ciara-PNG.png\" \/>\n\t<meta property=\"og:image:width\" content=\"1704\" \/>\n\t<meta property=\"og:image:height\" content=\"12\" \/>\n\t<meta property=\"og:image:type\" content=\"image\/png\" \/>\n<meta name=\"twitter:card\" content=\"summary_large_image\" \/>\n<meta name=\"twitter:label1\" content=\"Tempo di lettura stimato\" \/>\n\t<meta name=\"twitter:data1\" content=\"6 minuti\" \/>\n<script type=\"application\/ld+json\" class=\"yoast-schema-graph\">{\"@context\":\"https:\/\/schema.org\",\"@graph\":[{\"@type\":\"WebPage\",\"@id\":\"https:\/\/www.tenerifemaintenance.com\/uso-de-cookies\/\",\"url\":\"https:\/\/www.tenerifemaintenance.com\/uso-de-cookies\/\",\"name\":\"Utilizzo dei cookie - Painting &amp; Cleaning\",\"isPartOf\":{\"@id\":\"https:\/\/www.tenerifemaintenance.com\/#website\"},\"primaryImageOfPage\":{\"@id\":\"https:\/\/www.tenerifemaintenance.com\/uso-de-cookies\/#primaryimage\"},\"image\":{\"@id\":\"https:\/\/www.tenerifemaintenance.com\/uso-de-cookies\/#primaryimage\"},\"thumbnailUrl\":\"https:\/\/www.tenerifemaintenance.com\/wp-content\/uploads\/2025\/04\/Ciara-PNG.png\",\"datePublished\":\"2022-02-14T18:56:10+00:00\",\"dateModified\":\"2025-04-23T12:54:31+00:00\",\"description\":\"Pre\u010d\u00edtajte si ak\u00e9 pou\u017e\u00edvame s\u00fabory cookies\",\"breadcrumb\":{\"@id\":\"https:\/\/www.tenerifemaintenance.com\/uso-de-cookies\/#breadcrumb\"},\"inLanguage\":\"it-IT\",\"potentialAction\":[{\"@type\":\"ReadAction\",\"target\":[\"https:\/\/www.tenerifemaintenance.com\/uso-de-cookies\/\"]}]},{\"@type\":\"ImageObject\",\"inLanguage\":\"it-IT\",\"@id\":\"https:\/\/www.tenerifemaintenance.com\/uso-de-cookies\/#primaryimage\",\"url\":\"https:\/\/www.tenerifemaintenance.com\/wp-content\/uploads\/2025\/04\/Ciara-PNG.png\",\"contentUrl\":\"https:\/\/www.tenerifemaintenance.com\/wp-content\/uploads\/2025\/04\/Ciara-PNG.png\"},{\"@type\":\"BreadcrumbList\",\"@id\":\"https:\/\/www.tenerifemaintenance.com\/uso-de-cookies\/#breadcrumb\",\"itemListElement\":[{\"@type\":\"ListItem\",\"position\":1,\"name\":\"Home\",\"item\":\"https:\/\/www.tenerifemaintenance.com\/\"},{\"@type\":\"ListItem\",\"position\":2,\"name\":\"Utilizzo dei cookie\"}]},{\"@type\":\"WebSite\",\"@id\":\"https:\/\/www.tenerifemaintenance.com\/#website\",\"url\":\"https:\/\/www.tenerifemaintenance.com\/\",\"name\":\"Painting &amp; Cleaning\",\"description\":\"\",\"publisher\":{\"@id\":\"https:\/\/www.tenerifemaintenance.com\/#organization\"},\"potentialAction\":[{\"@type\":\"SearchAction\",\"target\":{\"@type\":\"EntryPoint\",\"urlTemplate\":\"https:\/\/www.tenerifemaintenance.com\/?s={search_term_string}\"},\"query-input\":{\"@type\":\"PropertyValueSpecification\",\"valueRequired\":true,\"valueName\":\"search_term_string\"}}],\"inLanguage\":\"it-IT\"},{\"@type\":\"Organization\",\"@id\":\"https:\/\/www.tenerifemaintenance.com\/#organization\",\"name\":\"Painting &amp; Cleaning\",\"url\":\"https:\/\/www.tenerifemaintenance.com\/\",\"logo\":{\"@type\":\"ImageObject\",\"inLanguage\":\"it-IT\",\"@id\":\"https:\/\/www.tenerifemaintenance.com\/#\/schema\/logo\/image\/\",\"url\":\"https:\/\/www.tenerifemaintenance.com\/wp-content\/uploads\/2025\/04\/Logo-cierne-pozadie.png\",\"contentUrl\":\"https:\/\/www.tenerifemaintenance.com\/wp-content\/uploads\/2025\/04\/Logo-cierne-pozadie.png\",\"width\":375,\"height\":205,\"caption\":\"Painting &amp; Cleaning\"},\"image\":{\"@id\":\"https:\/\/www.tenerifemaintenance.com\/#\/schema\/logo\/image\/\"}}]}<\/script>\n<!-- \/ Yoast SEO plugin. -->","yoast_head_json":{"title":"Utilizzo dei cookie - Painting &amp; Cleaning","description":"Pre\u010d\u00edtajte si ak\u00e9 pou\u017e\u00edvame s\u00fabory cookies","robots":{"index":"index","follow":"follow","max-snippet":"max-snippet:-1","max-image-preview":"max-image-preview:large","max-video-preview":"max-video-preview:-1"},"canonical":"https:\/\/www.tenerifemaintenance.com\/uso-de-cookies\/","og_locale":"it_IT","og_type":"article","og_title":"Utilizzo dei cookie - Painting &amp; Cleaning","og_description":"Pre\u010d\u00edtajte si ak\u00e9 pou\u017e\u00edvame s\u00fabory cookies","og_url":"https:\/\/www.tenerifemaintenance.com\/uso-de-cookies\/","og_site_name":"Painting &amp; Cleaning","article_modified_time":"2025-04-23T12:54:31+00:00","og_image":[{"width":1704,"height":12,"url":"https:\/\/www.tenerifemaintenance.com\/wp-content\/uploads\/2025\/04\/Ciara-PNG.png","type":"image\/png"}],"twitter_card":"summary_large_image","twitter_misc":{"Tempo di lettura stimato":"6 minuti"},"schema":{"@context":"https:\/\/schema.org","@graph":[{"@type":"WebPage","@id":"https:\/\/www.tenerifemaintenance.com\/uso-de-cookies\/","url":"https:\/\/www.tenerifemaintenance.com\/uso-de-cookies\/","name":"Utilizzo dei cookie - Painting &amp; Cleaning","isPartOf":{"@id":"https:\/\/www.tenerifemaintenance.com\/#website"},"primaryImageOfPage":{"@id":"https:\/\/www.tenerifemaintenance.com\/uso-de-cookies\/#primaryimage"},"image":{"@id":"https:\/\/www.tenerifemaintenance.com\/uso-de-cookies\/#primaryimage"},"thumbnailUrl":"https:\/\/www.tenerifemaintenance.com\/wp-content\/uploads\/2025\/04\/Ciara-PNG.png","datePublished":"2022-02-14T18:56:10+00:00","dateModified":"2025-04-23T12:54:31+00:00","description":"Pre\u010d\u00edtajte si ak\u00e9 pou\u017e\u00edvame s\u00fabory cookies","breadcrumb":{"@id":"https:\/\/www.tenerifemaintenance.com\/uso-de-cookies\/#breadcrumb"},"inLanguage":"it-IT","potentialAction":[{"@type":"ReadAction","target":["https:\/\/www.tenerifemaintenance.com\/uso-de-cookies\/"]}]},{"@type":"ImageObject","inLanguage":"it-IT","@id":"https:\/\/www.tenerifemaintenance.com\/uso-de-cookies\/#primaryimage","url":"https:\/\/www.tenerifemaintenance.com\/wp-content\/uploads\/2025\/04\/Ciara-PNG.png","contentUrl":"https:\/\/www.tenerifemaintenance.com\/wp-content\/uploads\/2025\/04\/Ciara-PNG.png"},{"@type":"BreadcrumbList","@id":"https:\/\/www.tenerifemaintenance.com\/uso-de-cookies\/#breadcrumb","itemListElement":[{"@type":"ListItem","position":1,"name":"Home","item":"https:\/\/www.tenerifemaintenance.com\/"},{"@type":"ListItem","position":2,"name":"Utilizzo dei cookie"}]},{"@type":"WebSite","@id":"https:\/\/www.tenerifemaintenance.com\/#website","url":"https:\/\/www.tenerifemaintenance.com\/","name":"Painting &amp; Cleaning","description":"","publisher":{"@id":"https:\/\/www.tenerifemaintenance.com\/#organization"},"potentialAction":[{"@type":"SearchAction","target":{"@type":"EntryPoint","urlTemplate":"https:\/\/www.tenerifemaintenance.com\/?s={search_term_string}"},"query-input":{"@type":"PropertyValueSpecification","valueRequired":true,"valueName":"search_term_string"}}],"inLanguage":"it-IT"},{"@type":"Organization","@id":"https:\/\/www.tenerifemaintenance.com\/#organization","name":"Painting &amp; Cleaning","url":"https:\/\/www.tenerifemaintenance.com\/","logo":{"@type":"ImageObject","inLanguage":"it-IT","@id":"https:\/\/www.tenerifemaintenance.com\/#\/schema\/logo\/image\/","url":"https:\/\/www.tenerifemaintenance.com\/wp-content\/uploads\/2025\/04\/Logo-cierne-pozadie.png","contentUrl":"https:\/\/www.tenerifemaintenance.com\/wp-content\/uploads\/2025\/04\/Logo-cierne-pozadie.png","width":375,"height":205,"caption":"Painting &amp; Cleaning"},"image":{"@id":"https:\/\/www.tenerifemaintenance.com\/#\/schema\/logo\/image\/"}}]}},"_links":{"self":[{"href":"https:\/\/www.tenerifemaintenance.com\/it\/wp-json\/wp\/v2\/pages\/673","targetHints":{"allow":["GET"]}}],"collection":[{"href":"https:\/\/www.tenerifemaintenance.com\/it\/wp-json\/wp\/v2\/pages"}],"about":[{"href":"https:\/\/www.tenerifemaintenance.com\/it\/wp-json\/wp\/v2\/types\/page"}],"author":[{"embeddable":true,"href":"https:\/\/www.tenerifemaintenance.com\/it\/wp-json\/wp\/v2\/users\/3"}],"replies":[{"embeddable":true,"href":"https:\/\/www.tenerifemaintenance.com\/it\/wp-json\/wp\/v2\/comments?post=673"}],"version-history":[{"count":10,"href":"https:\/\/www.tenerifemaintenance.com\/it\/wp-json\/wp\/v2\/pages\/673\/revisions"}],"predecessor-version":[{"id":974,"href":"https:\/\/www.tenerifemaintenance.com\/it\/wp-json\/wp\/v2\/pages\/673\/revisions\/974"}],"wp:attachment":[{"href":"https:\/\/www.tenerifemaintenance.com\/it\/wp-json\/wp\/v2\/media?parent=673"}],"curies":[{"name":"wp","href":"https:\/\/api.w.org\/{rel}","templated":true}]}}