{"id":683,"date":"2025-04-15T21:24:12","date_gmt":"2025-04-15T19:24:12","guid":{"rendered":"https:\/\/www.tenerifemaintenance.com\/pittura-e-ristrutturazione\/"},"modified":"2025-04-17T19:51:58","modified_gmt":"2025-04-17T17:51:58","slug":"pittura-e-ristrutturazione","status":"publish","type":"page","link":"https:\/\/www.tenerifemaintenance.com\/it\/pittura-e-ristrutturazione\/","title":{"rendered":"Pittura e Ristrutturazione"},"content":{"rendered":"\t\t<div data-elementor-type=\"wp-post\" data-elementor-id=\"683\" class=\"elementor elementor-683 elementor-393\" data-elementor-post-type=\"page\">\n\t\t\t\t\t\t<section class=\"elementor-section elementor-top-section elementor-element elementor-element-3c0fac88 elementor-section-content-middle elementor-section-boxed elementor-section-height-default elementor-section-height-default\" data-id=\"3c0fac88\" data-element_type=\"section\" data-settings=\"{&quot;background_background&quot;:&quot;classic&quot;}\">\n\t\t\t\t\t\t<div class=\"elementor-container elementor-column-gap-default\">\n\t\t\t\t\t<div class=\"elementor-column elementor-col-100 elementor-top-column elementor-element elementor-element-47d49080\" data-id=\"47d49080\" data-element_type=\"column\">\n\t\t\t<div class=\"elementor-widget-wrap elementor-element-populated\">\n\t\t\t\t\t\t<div class=\"elementor-element elementor-element-49d0fbd elementor-widget elementor-widget-spacer\" data-id=\"49d0fbd\" data-element_type=\"widget\" data-widget_type=\"spacer.default\">\n\t\t\t\t<div class=\"elementor-widget-container\">\n\t\t\t\t\t<div class=\"elementor-spacer\">\n\t\t\t<div class=\"elementor-spacer-inner\"><\/div>\n\t\t<\/div>\n\t\t\t\t<\/div>\n\t\t\t\t<\/div>\n\t\t\t\t<div class=\"elementor-element elementor-element-12425491 elementor-widget elementor-widget-heading\" data-id=\"12425491\" data-element_type=\"widget\" data-widget_type=\"heading.default\">\n\t\t\t\t<div class=\"elementor-widget-container\">\n\t\t\t<h1 class=\"elementor-heading-title elementor-size-default\">Pittura e Ristrutturazione<\/h1>\t\t<\/div>\n\t\t\t\t<\/div>\n\t\t\t\t<div class=\"elementor-element elementor-element-4023df1d elementor-widget elementor-widget-spacer\" data-id=\"4023df1d\" data-element_type=\"widget\" data-widget_type=\"spacer.default\">\n\t\t\t\t<div class=\"elementor-widget-container\">\n\t\t\t\t\t<div class=\"elementor-spacer\">\n\t\t\t<div class=\"elementor-spacer-inner\"><\/div>\n\t\t<\/div>\n\t\t\t\t<\/div>\n\t\t\t\t<\/div>\n\t\t\t\t<div class=\"elementor-element elementor-element-25c5fd6 elementor-widget elementor-widget-image\" data-id=\"25c5fd6\" data-element_type=\"widget\" data-widget_type=\"image.default\">\n\t\t\t\t<div class=\"elementor-widget-container\">\n\t\t\t\t\t\t\t\t\t\t\t\t\t<img decoding=\"async\" width=\"1704\" height=\"12\" src=\"https:\/\/www.tenerifemaintenance.com\/wp-content\/uploads\/2025\/04\/Ciara-PNG.png\" class=\"attachment-full size-full wp-image-258\" alt=\"\" srcset=\"https:\/\/www.tenerifemaintenance.com\/wp-content\/uploads\/2025\/04\/Ciara-PNG.png 1704w, https:\/\/www.tenerifemaintenance.com\/wp-content\/uploads\/2025\/04\/Ciara-PNG-300x2.png 300w, https:\/\/www.tenerifemaintenance.com\/wp-content\/uploads\/2025\/04\/Ciara-PNG-1024x7.png 1024w, https:\/\/www.tenerifemaintenance.com\/wp-content\/uploads\/2025\/04\/Ciara-PNG-768x5.png 768w, https:\/\/www.tenerifemaintenance.com\/wp-content\/uploads\/2025\/04\/Ciara-PNG-1536x11.png 1536w\" sizes=\"(max-width: 1704px) 100vw, 1704px\" \/>\t\t\t\t\t\t\t\t\t\t\t\t\t<\/div>\n\t\t\t\t<\/div>\n\t\t\t\t\t<\/div>\n\t\t<\/div>\n\t\t\t\t\t<\/div>\n\t\t<\/section>\n\t\t\t\t<section class=\"elementor-section elementor-top-section elementor-element elementor-element-32a86b0 elementor-section-boxed elementor-section-height-default elementor-section-height-default\" data-id=\"32a86b0\" data-element_type=\"section\" data-settings=\"{&quot;background_background&quot;:&quot;gradient&quot;}\">\n\t\t\t\t\t\t\t<div class=\"elementor-background-overlay\"><\/div>\n\t\t\t\t\t\t\t<div class=\"elementor-container elementor-column-gap-default\">\n\t\t\t\t\t<div class=\"elementor-column elementor-col-50 elementor-top-column elementor-element elementor-element-aa3a474\" data-id=\"aa3a474\" data-element_type=\"column\">\n\t\t\t<div class=\"elementor-widget-wrap elementor-element-populated\">\n\t\t\t\t\t\t<div class=\"elementor-element elementor-element-a24f707 elementor-widget elementor-widget-heading\" data-id=\"a24f707\" data-element_type=\"widget\" data-widget_type=\"heading.default\">\n\t\t\t\t<div class=\"elementor-widget-container\">\n\t\t\t<h2 class=\"elementor-heading-title elementor-size-default\">Pittura<\/h2>\t\t<\/div>\n\t\t\t\t<\/div>\n\t\t\t\t<div class=\"elementor-element elementor-element-6857bec elementor-widget elementor-widget-heading\" data-id=\"6857bec\" data-element_type=\"widget\" data-widget_type=\"heading.default\">\n\t\t\t\t<div class=\"elementor-widget-container\">\n\t\t\t<div class=\"elementor-heading-title elementor-size-default\"> <span style=\"background: linear-gradient(90deg, #01DFD4 0%, #0191A9 100%)\">con tecnologia airless<\/span><\/div>\t\t<\/div>\n\t\t\t\t<\/div>\n\t\t\t\t<div class=\"elementor-element elementor-element-8d7aa40 elementor-widget elementor-widget-text-editor\" data-id=\"8d7aa40\" data-element_type=\"widget\" data-widget_type=\"text-editor.default\">\n\t\t\t\t<div class=\"elementor-widget-container\">\n\t\t\t\t\t\t\t<p>Questa tecnologia \u00e8 una forma di pittura a spruzzo. \u00c8 un metodo pi\u00f9 moderno di applicazione della vernice, che sta diventando sempre pi\u00f9 popolare anche da noi grazie alla sua alta qualit\u00e0 ed efficienza. <\/p>\t\t\t\t\t\t<\/div>\n\t\t\t\t<\/div>\n\t\t\t\t<section class=\"elementor-section elementor-inner-section elementor-element elementor-element-25bec41 elementor-section-boxed elementor-section-height-default elementor-section-height-default\" data-id=\"25bec41\" data-element_type=\"section\">\n\t\t\t\t\t\t<div class=\"elementor-container elementor-column-gap-default\">\n\t\t\t\t\t<div class=\"elementor-column elementor-col-50 elementor-inner-column elementor-element elementor-element-394c665\" data-id=\"394c665\" data-element_type=\"column\" data-settings=\"{&quot;background_background&quot;:&quot;gradient&quot;}\">\n\t\t\t<div class=\"elementor-widget-wrap elementor-element-populated\">\n\t\t\t\t\t\t<div class=\"elementor-element elementor-element-2f7a366 elementor-widget elementor-widget-heading\" data-id=\"2f7a366\" data-element_type=\"widget\" data-widget_type=\"heading.default\">\n\t\t\t\t<div class=\"elementor-widget-container\">\n\t\t\t<h2 class=\"elementor-heading-title elementor-size-default\">Risparmia tempo<\/h2>\t\t<\/div>\n\t\t\t\t<\/div>\n\t\t\t\t<div class=\"elementor-element elementor-element-905dc50 elementor-widget elementor-widget-text-editor\" data-id=\"905dc50\" data-element_type=\"widget\" data-widget_type=\"text-editor.default\">\n\t\t\t\t<div class=\"elementor-widget-container\">\n\t\t\t\t\t\t\t<p>Rispetto alla pittura tradizionale, \u00e8 molto pi\u00f9 veloce.<\/p>\t\t\t\t\t\t<\/div>\n\t\t\t\t<\/div>\n\t\t\t\t\t<\/div>\n\t\t<\/div>\n\t\t\t\t<div class=\"elementor-column elementor-col-50 elementor-inner-column elementor-element elementor-element-3d18670\" data-id=\"3d18670\" data-element_type=\"column\" data-settings=\"{&quot;background_background&quot;:&quot;gradient&quot;}\">\n\t\t\t<div class=\"elementor-widget-wrap elementor-element-populated\">\n\t\t\t\t\t\t<div class=\"elementor-element elementor-element-d18e44f elementor-widget elementor-widget-heading\" data-id=\"d18e44f\" data-element_type=\"widget\" data-widget_type=\"heading.default\">\n\t\t\t\t<div class=\"elementor-widget-container\">\n\t\t\t<h2 class=\"elementor-heading-title elementor-size-default\">Nessuna colatura<\/h2>\t\t<\/div>\n\t\t\t\t<\/div>\n\t\t\t\t<div class=\"elementor-element elementor-element-f416863 elementor-widget elementor-widget-text-editor\" data-id=\"f416863\" data-element_type=\"widget\" data-widget_type=\"text-editor.default\">\n\t\t\t\t<div class=\"elementor-widget-container\">\n\t\t\t\t\t\t\t<p>La vernice viene applicata in modo uniforme e senza colature, garantendo un risultato perfetto.<\/p>\t\t\t\t\t\t<\/div>\n\t\t\t\t<\/div>\n\t\t\t\t\t<\/div>\n\t\t<\/div>\n\t\t\t\t\t<\/div>\n\t\t<\/section>\n\t\t\t\t\t<\/div>\n\t\t<\/div>\n\t\t\t\t<div class=\"elementor-column elementor-col-50 elementor-top-column elementor-element elementor-element-ae3cd0f\" data-id=\"ae3cd0f\" data-element_type=\"column\">\n\t\t\t<div class=\"elementor-widget-wrap elementor-element-populated\">\n\t\t\t\t\t\t<div class=\"elementor-element elementor-element-470f566 elementor-widget elementor-widget-image\" data-id=\"470f566\" data-element_type=\"widget\" data-widget_type=\"image.default\">\n\t\t\t\t<div class=\"elementor-widget-container\">\n\t\t\t\t\t\t\t\t\t\t\t\t\t<img fetchpriority=\"high\" decoding=\"async\" width=\"589\" height=\"643\" src=\"https:\/\/www.tenerifemaintenance.com\/wp-content\/uploads\/2025\/04\/Malovanie-a-remodeling-1.png\" class=\"attachment-full size-full wp-image-265\" alt=\"\" srcset=\"https:\/\/www.tenerifemaintenance.com\/wp-content\/uploads\/2025\/04\/Malovanie-a-remodeling-1.png 589w, https:\/\/www.tenerifemaintenance.com\/wp-content\/uploads\/2025\/04\/Malovanie-a-remodeling-1-275x300.png 275w\" sizes=\"(max-width: 589px) 100vw, 589px\" \/>\t\t\t\t\t\t\t\t\t\t\t\t\t<\/div>\n\t\t\t\t<\/div>\n\t\t\t\t\t<\/div>\n\t\t<\/div>\n\t\t\t\t\t<\/div>\n\t\t<\/section>\n\t\t\t\t<section class=\"elementor-section elementor-top-section elementor-element elementor-element-84ceb3b elementor-section-boxed elementor-section-height-default elementor-section-height-default\" data-id=\"84ceb3b\" data-element_type=\"section\" data-settings=\"{&quot;background_background&quot;:&quot;gradient&quot;}\">\n\t\t\t\t\t\t<div class=\"elementor-container elementor-column-gap-default\">\n\t\t\t\t\t<div class=\"elementor-column elementor-col-100 elementor-top-column elementor-element elementor-element-0d01843\" data-id=\"0d01843\" data-element_type=\"column\">\n\t\t\t<div class=\"elementor-widget-wrap elementor-element-populated\">\n\t\t\t\t\t\t<div class=\"elementor-element elementor-element-2ada934 elementor-widget elementor-widget-image\" data-id=\"2ada934\" data-element_type=\"widget\" data-widget_type=\"image.default\">\n\t\t\t\t<div class=\"elementor-widget-container\">\n\t\t\t\t\t\t\t\t\t\t\t\t\t<img decoding=\"async\" width=\"1704\" height=\"12\" src=\"https:\/\/www.tenerifemaintenance.com\/wp-content\/uploads\/2025\/04\/Ciara-PNG.png\" class=\"attachment-full size-full wp-image-258\" alt=\"\" srcset=\"https:\/\/www.tenerifemaintenance.com\/wp-content\/uploads\/2025\/04\/Ciara-PNG.png 1704w, https:\/\/www.tenerifemaintenance.com\/wp-content\/uploads\/2025\/04\/Ciara-PNG-300x2.png 300w, https:\/\/www.tenerifemaintenance.com\/wp-content\/uploads\/2025\/04\/Ciara-PNG-1024x7.png 1024w, https:\/\/www.tenerifemaintenance.com\/wp-content\/uploads\/2025\/04\/Ciara-PNG-768x5.png 768w, https:\/\/www.tenerifemaintenance.com\/wp-content\/uploads\/2025\/04\/Ciara-PNG-1536x11.png 1536w\" sizes=\"(max-width: 1704px) 100vw, 1704px\" \/>\t\t\t\t\t\t\t\t\t\t\t\t\t<\/div>\n\t\t\t\t<\/div>\n\t\t\t\t\t<\/div>\n\t\t<\/div>\n\t\t\t\t\t<\/div>\n\t\t<\/section>\n\t\t\t\t<section class=\"elementor-section elementor-top-section elementor-element elementor-element-1869aa8 elementor-reverse-mobile elementor-section-boxed elementor-section-height-default elementor-section-height-default\" data-id=\"1869aa8\" data-element_type=\"section\" data-settings=\"{&quot;background_background&quot;:&quot;gradient&quot;}\">\n\t\t\t\t\t\t<div class=\"elementor-container elementor-column-gap-default\">\n\t\t\t\t\t<div class=\"elementor-column elementor-col-50 elementor-top-column elementor-element elementor-element-8ba0294\" data-id=\"8ba0294\" data-element_type=\"column\">\n\t\t\t<div class=\"elementor-widget-wrap elementor-element-populated\">\n\t\t\t\t\t\t<div class=\"elementor-element elementor-element-96f03b7 elementor-widget elementor-widget-image\" data-id=\"96f03b7\" data-element_type=\"widget\" data-widget_type=\"image.default\">\n\t\t\t\t<div class=\"elementor-widget-container\">\n\t\t\t\t\t\t\t\t\t\t\t\t\t<img decoding=\"async\" width=\"589\" height=\"643\" src=\"https:\/\/www.tenerifemaintenance.com\/wp-content\/uploads\/2025\/04\/Malovanie-a-remodeling-2.png\" class=\"attachment-full size-full wp-image-266\" alt=\"\" srcset=\"https:\/\/www.tenerifemaintenance.com\/wp-content\/uploads\/2025\/04\/Malovanie-a-remodeling-2.png 589w, https:\/\/www.tenerifemaintenance.com\/wp-content\/uploads\/2025\/04\/Malovanie-a-remodeling-2-275x300.png 275w\" sizes=\"(max-width: 589px) 100vw, 589px\" \/>\t\t\t\t\t\t\t\t\t\t\t\t\t<\/div>\n\t\t\t\t<\/div>\n\t\t\t\t\t<\/div>\n\t\t<\/div>\n\t\t\t\t<div class=\"elementor-column elementor-col-50 elementor-top-column elementor-element elementor-element-2a30072\" data-id=\"2a30072\" data-element_type=\"column\">\n\t\t\t<div class=\"elementor-widget-wrap elementor-element-populated\">\n\t\t\t\t\t\t<div class=\"elementor-element elementor-element-8e5d517 elementor-widget elementor-widget-heading\" data-id=\"8e5d517\" data-element_type=\"widget\" data-widget_type=\"heading.default\">\n\t\t\t\t<div class=\"elementor-widget-container\">\n\t\t\t<h2 class=\"elementor-heading-title elementor-size-default\">Ristrutturazione<\/h2>\t\t<\/div>\n\t\t\t\t<\/div>\n\t\t\t\t<div class=\"elementor-element elementor-element-4a2531d elementor-widget elementor-widget-heading\" data-id=\"4a2531d\" data-element_type=\"widget\" data-widget_type=\"heading.default\">\n\t\t\t\t<div class=\"elementor-widget-container\">\n\t\t\t<div class=\"elementor-heading-title elementor-size-default\"> <span style=\"background: linear-gradient(90deg, #01DFD4 0%, #0191A9 100%)\">di appartamenti, case o appartamenti<\/span><\/div>\t\t<\/div>\n\t\t\t\t<\/div>\n\t\t\t\t<div class=\"elementor-element elementor-element-c911694 elementor-widget elementor-widget-text-editor\" data-id=\"c911694\" data-element_type=\"widget\" data-widget_type=\"text-editor.default\">\n\t\t\t\t<div class=\"elementor-widget-container\">\n\t\t\t\t\t\t\t<p>Eseguiamo ristrutturazioni complete di bagni &#8220;chiavi in mano&#8221;, compreso piastrellatura e pavimentazione. Offriamo l&#8217;installazione professionale di parquet e il montaggio di telai per porte. L&#8217;esecuzione di alta qualit\u00e0, la precisione e l&#8217;affidabilit\u00e0 sono per noi una garanzia. Ristruttureremo il tuo bagno o interno secondo le tue preferenze.   <\/p>\t\t\t\t\t\t<\/div>\n\t\t\t\t<\/div>\n\t\t\t\t\t<\/div>\n\t\t<\/div>\n\t\t\t\t\t<\/div>\n\t\t<\/section>\n\t\t\t\t<\/div>\n\t\t","protected":false},"excerpt":{"rendered":"<p>Pittura e Ristrutturazione Pittura con tecnologia airless Questa tecnologia \u00e8 una forma di pittura a spruzzo. \u00c8 un metodo pi\u00f9 moderno di applicazione della vernice, che sta diventando sempre pi\u00f9 popolare anche da noi grazie alla sua alta qualit\u00e0 ed efficienza. Risparmia tempo Rispetto alla pittura tradizionale, \u00e8 molto pi\u00f9 veloce. Nessuna colatura La vernice [&hellip;]<\/p>\n","protected":false},"author":3,"featured_media":0,"parent":0,"menu_order":0,"comment_status":"closed","ping_status":"closed","template":"elementor_header_footer","meta":{"footnotes":""},"class_list":["post-683","page","type-page","status-publish","hentry"],"yoast_head":"<!-- This site is optimized with the Yoast SEO plugin v23.7 - https:\/\/yoast.com\/wordpress\/plugins\/seo\/ -->\n<title>Pittura e Ristrutturazione di appartamenti, case o appartamenti<\/title>\n<meta name=\"description\" content=\"Soluzione ideale per i proprietari di appartamenti e alloggi che vogliono accogliere gli ospiti in uno spazio perfettamente pulito e ordinato.\" \/>\n<meta name=\"robots\" content=\"index, follow, max-snippet:-1, max-image-preview:large, max-video-preview:-1\" \/>\n<link rel=\"canonical\" href=\"https:\/\/www.tenerifemaintenance.com\/malovanie-remodeling\/\" \/>\n<meta property=\"og:locale\" content=\"it_IT\" \/>\n<meta property=\"og:type\" content=\"article\" \/>\n<meta property=\"og:title\" content=\"Pittura e Ristrutturazione di appartamenti, case o appartamenti\" \/>\n<meta property=\"og:description\" content=\"Soluzione ideale per i proprietari di appartamenti e alloggi che vogliono accogliere gli ospiti in uno spazio perfettamente pulito e ordinato.\" \/>\n<meta property=\"og:url\" content=\"https:\/\/www.tenerifemaintenance.com\/malovanie-remodeling\/\" \/>\n<meta property=\"og:site_name\" content=\"Painting &amp; Cleaning\" \/>\n<meta property=\"article:modified_time\" content=\"2025-04-17T17:51:58+00:00\" \/>\n<meta property=\"og:image\" content=\"https:\/\/www.tenerifemaintenance.com\/wp-content\/uploads\/2025\/04\/Ciara-PNG.png\" \/>\n\t<meta property=\"og:image:width\" content=\"1704\" \/>\n\t<meta property=\"og:image:height\" content=\"12\" \/>\n\t<meta property=\"og:image:type\" content=\"image\/png\" \/>\n<meta name=\"twitter:card\" content=\"summary_large_image\" \/>\n<script type=\"application\/ld+json\" class=\"yoast-schema-graph\">{\"@context\":\"https:\/\/schema.org\",\"@graph\":[{\"@type\":\"WebPage\",\"@id\":\"https:\/\/www.tenerifemaintenance.com\/malovanie-remodeling\/\",\"url\":\"https:\/\/www.tenerifemaintenance.com\/malovanie-remodeling\/\",\"name\":\"Pittura e Ristrutturazione di appartamenti, case o appartamenti\",\"isPartOf\":{\"@id\":\"https:\/\/www.tenerifemaintenance.com\/#website\"},\"primaryImageOfPage\":{\"@id\":\"https:\/\/www.tenerifemaintenance.com\/malovanie-remodeling\/#primaryimage\"},\"image\":{\"@id\":\"https:\/\/www.tenerifemaintenance.com\/malovanie-remodeling\/#primaryimage\"},\"thumbnailUrl\":\"https:\/\/www.tenerifemaintenance.com\/wp-content\/uploads\/2025\/04\/Ciara-PNG.png\",\"datePublished\":\"2025-04-15T19:24:12+00:00\",\"dateModified\":\"2025-04-17T17:51:58+00:00\",\"description\":\"Soluzione ideale per i proprietari di appartamenti e alloggi che vogliono accogliere gli ospiti in uno spazio perfettamente pulito e ordinato.\",\"breadcrumb\":{\"@id\":\"https:\/\/www.tenerifemaintenance.com\/malovanie-remodeling\/#breadcrumb\"},\"inLanguage\":\"it-IT\",\"potentialAction\":[{\"@type\":\"ReadAction\",\"target\":[\"https:\/\/www.tenerifemaintenance.com\/malovanie-remodeling\/\"]}]},{\"@type\":\"ImageObject\",\"inLanguage\":\"it-IT\",\"@id\":\"https:\/\/www.tenerifemaintenance.com\/malovanie-remodeling\/#primaryimage\",\"url\":\"https:\/\/www.tenerifemaintenance.com\/wp-content\/uploads\/2025\/04\/Ciara-PNG.png\",\"contentUrl\":\"https:\/\/www.tenerifemaintenance.com\/wp-content\/uploads\/2025\/04\/Ciara-PNG.png\"},{\"@type\":\"BreadcrumbList\",\"@id\":\"https:\/\/www.tenerifemaintenance.com\/malovanie-remodeling\/#breadcrumb\",\"itemListElement\":[{\"@type\":\"ListItem\",\"position\":1,\"name\":\"Home\",\"item\":\"https:\/\/www.tenerifemaintenance.com\/\"},{\"@type\":\"ListItem\",\"position\":2,\"name\":\"Pittura e Ristrutturazione\"}]},{\"@type\":\"WebSite\",\"@id\":\"https:\/\/www.tenerifemaintenance.com\/#website\",\"url\":\"https:\/\/www.tenerifemaintenance.com\/\",\"name\":\"Painting &amp; Cleaning\",\"description\":\"\",\"publisher\":{\"@id\":\"https:\/\/www.tenerifemaintenance.com\/#organization\"},\"potentialAction\":[{\"@type\":\"SearchAction\",\"target\":{\"@type\":\"EntryPoint\",\"urlTemplate\":\"https:\/\/www.tenerifemaintenance.com\/?s={search_term_string}\"},\"query-input\":{\"@type\":\"PropertyValueSpecification\",\"valueRequired\":true,\"valueName\":\"search_term_string\"}}],\"inLanguage\":\"it-IT\"},{\"@type\":\"Organization\",\"@id\":\"https:\/\/www.tenerifemaintenance.com\/#organization\",\"name\":\"Painting &amp; Cleaning\",\"url\":\"https:\/\/www.tenerifemaintenance.com\/\",\"logo\":{\"@type\":\"ImageObject\",\"inLanguage\":\"it-IT\",\"@id\":\"https:\/\/www.tenerifemaintenance.com\/#\/schema\/logo\/image\/\",\"url\":\"https:\/\/www.tenerifemaintenance.com\/wp-content\/uploads\/2025\/04\/Logo-cierne-pozadie.png\",\"contentUrl\":\"https:\/\/www.tenerifemaintenance.com\/wp-content\/uploads\/2025\/04\/Logo-cierne-pozadie.png\",\"width\":375,\"height\":205,\"caption\":\"Painting &amp; Cleaning\"},\"image\":{\"@id\":\"https:\/\/www.tenerifemaintenance.com\/#\/schema\/logo\/image\/\"}}]}<\/script>\n<!-- \/ Yoast SEO plugin. -->","yoast_head_json":{"title":"Pittura e Ristrutturazione di appartamenti, case o appartamenti","description":"Soluzione ideale per i proprietari di appartamenti e alloggi che vogliono accogliere gli ospiti in uno spazio perfettamente pulito e ordinato.","robots":{"index":"index","follow":"follow","max-snippet":"max-snippet:-1","max-image-preview":"max-image-preview:large","max-video-preview":"max-video-preview:-1"},"canonical":"https:\/\/www.tenerifemaintenance.com\/malovanie-remodeling\/","og_locale":"it_IT","og_type":"article","og_title":"Pittura e Ristrutturazione di appartamenti, case o appartamenti","og_description":"Soluzione ideale per i proprietari di appartamenti e alloggi che vogliono accogliere gli ospiti in uno spazio perfettamente pulito e ordinato.","og_url":"https:\/\/www.tenerifemaintenance.com\/malovanie-remodeling\/","og_site_name":"Painting &amp; Cleaning","article_modified_time":"2025-04-17T17:51:58+00:00","og_image":[{"width":1704,"height":12,"url":"https:\/\/www.tenerifemaintenance.com\/wp-content\/uploads\/2025\/04\/Ciara-PNG.png","type":"image\/png"}],"twitter_card":"summary_large_image","schema":{"@context":"https:\/\/schema.org","@graph":[{"@type":"WebPage","@id":"https:\/\/www.tenerifemaintenance.com\/malovanie-remodeling\/","url":"https:\/\/www.tenerifemaintenance.com\/malovanie-remodeling\/","name":"Pittura e Ristrutturazione di appartamenti, case o appartamenti","isPartOf":{"@id":"https:\/\/www.tenerifemaintenance.com\/#website"},"primaryImageOfPage":{"@id":"https:\/\/www.tenerifemaintenance.com\/malovanie-remodeling\/#primaryimage"},"image":{"@id":"https:\/\/www.tenerifemaintenance.com\/malovanie-remodeling\/#primaryimage"},"thumbnailUrl":"https:\/\/www.tenerifemaintenance.com\/wp-content\/uploads\/2025\/04\/Ciara-PNG.png","datePublished":"2025-04-15T19:24:12+00:00","dateModified":"2025-04-17T17:51:58+00:00","description":"Soluzione ideale per i proprietari di appartamenti e alloggi che vogliono accogliere gli ospiti in uno spazio perfettamente pulito e ordinato.","breadcrumb":{"@id":"https:\/\/www.tenerifemaintenance.com\/malovanie-remodeling\/#breadcrumb"},"inLanguage":"it-IT","potentialAction":[{"@type":"ReadAction","target":["https:\/\/www.tenerifemaintenance.com\/malovanie-remodeling\/"]}]},{"@type":"ImageObject","inLanguage":"it-IT","@id":"https:\/\/www.tenerifemaintenance.com\/malovanie-remodeling\/#primaryimage","url":"https:\/\/www.tenerifemaintenance.com\/wp-content\/uploads\/2025\/04\/Ciara-PNG.png","contentUrl":"https:\/\/www.tenerifemaintenance.com\/wp-content\/uploads\/2025\/04\/Ciara-PNG.png"},{"@type":"BreadcrumbList","@id":"https:\/\/www.tenerifemaintenance.com\/malovanie-remodeling\/#breadcrumb","itemListElement":[{"@type":"ListItem","position":1,"name":"Home","item":"https:\/\/www.tenerifemaintenance.com\/"},{"@type":"ListItem","position":2,"name":"Pittura e Ristrutturazione"}]},{"@type":"WebSite","@id":"https:\/\/www.tenerifemaintenance.com\/#website","url":"https:\/\/www.tenerifemaintenance.com\/","name":"Painting &amp; Cleaning","description":"","publisher":{"@id":"https:\/\/www.tenerifemaintenance.com\/#organization"},"potentialAction":[{"@type":"SearchAction","target":{"@type":"EntryPoint","urlTemplate":"https:\/\/www.tenerifemaintenance.com\/?s={search_term_string}"},"query-input":{"@type":"PropertyValueSpecification","valueRequired":true,"valueName":"search_term_string"}}],"inLanguage":"it-IT"},{"@type":"Organization","@id":"https:\/\/www.tenerifemaintenance.com\/#organization","name":"Painting &amp; Cleaning","url":"https:\/\/www.tenerifemaintenance.com\/","logo":{"@type":"ImageObject","inLanguage":"it-IT","@id":"https:\/\/www.tenerifemaintenance.com\/#\/schema\/logo\/image\/","url":"https:\/\/www.tenerifemaintenance.com\/wp-content\/uploads\/2025\/04\/Logo-cierne-pozadie.png","contentUrl":"https:\/\/www.tenerifemaintenance.com\/wp-content\/uploads\/2025\/04\/Logo-cierne-pozadie.png","width":375,"height":205,"caption":"Painting &amp; Cleaning"},"image":{"@id":"https:\/\/www.tenerifemaintenance.com\/#\/schema\/logo\/image\/"}}]}},"_links":{"self":[{"href":"https:\/\/www.tenerifemaintenance.com\/it\/wp-json\/wp\/v2\/pages\/683","targetHints":{"allow":["GET"]}}],"collection":[{"href":"https:\/\/www.tenerifemaintenance.com\/it\/wp-json\/wp\/v2\/pages"}],"about":[{"href":"https:\/\/www.tenerifemaintenance.com\/it\/wp-json\/wp\/v2\/types\/page"}],"author":[{"embeddable":true,"href":"https:\/\/www.tenerifemaintenance.com\/it\/wp-json\/wp\/v2\/users\/3"}],"replies":[{"embeddable":true,"href":"https:\/\/www.tenerifemaintenance.com\/it\/wp-json\/wp\/v2\/comments?post=683"}],"version-history":[{"count":5,"href":"https:\/\/www.tenerifemaintenance.com\/it\/wp-json\/wp\/v2\/pages\/683\/revisions"}],"predecessor-version":[{"id":809,"href":"https:\/\/www.tenerifemaintenance.com\/it\/wp-json\/wp\/v2\/pages\/683\/revisions\/809"}],"wp:attachment":[{"href":"https:\/\/www.tenerifemaintenance.com\/it\/wp-json\/wp\/v2\/media?parent=683"}],"curies":[{"name":"wp","href":"https:\/\/api.w.org\/{rel}","templated":true}]}}