{"id":393,"date":"2025-04-15T21:24:12","date_gmt":"2025-04-15T19:24:12","guid":{"rendered":"https:\/\/www.tenerifemaintenance.com\/?page_id=393"},"modified":"2025-04-17T19:51:46","modified_gmt":"2025-04-17T17:51:46","slug":"malovanie-remodeling","status":"publish","type":"page","link":"https:\/\/www.tenerifemaintenance.com\/sk\/malovanie-remodeling\/","title":{"rendered":"Ma\u013eovanie a remodeling"},"content":{"rendered":"\t\t<div data-elementor-type=\"wp-post\" data-elementor-id=\"393\" class=\"elementor elementor-393\" data-elementor-post-type=\"page\">\n\t\t\t\t\t\t<section class=\"elementor-section elementor-top-section elementor-element elementor-element-3c0fac88 elementor-section-content-middle elementor-section-boxed elementor-section-height-default elementor-section-height-default\" data-id=\"3c0fac88\" data-element_type=\"section\" data-settings=\"{&quot;background_background&quot;:&quot;classic&quot;}\">\n\t\t\t\t\t\t<div class=\"elementor-container elementor-column-gap-default\">\n\t\t\t\t\t<div class=\"elementor-column elementor-col-100 elementor-top-column elementor-element elementor-element-47d49080\" data-id=\"47d49080\" data-element_type=\"column\">\n\t\t\t<div class=\"elementor-widget-wrap elementor-element-populated\">\n\t\t\t\t\t\t<div class=\"elementor-element elementor-element-49d0fbd elementor-widget elementor-widget-spacer\" data-id=\"49d0fbd\" data-element_type=\"widget\" data-widget_type=\"spacer.default\">\n\t\t\t\t<div class=\"elementor-widget-container\">\n\t\t\t\t\t<div class=\"elementor-spacer\">\n\t\t\t<div class=\"elementor-spacer-inner\"><\/div>\n\t\t<\/div>\n\t\t\t\t<\/div>\n\t\t\t\t<\/div>\n\t\t\t\t<div class=\"elementor-element elementor-element-12425491 elementor-widget elementor-widget-heading\" data-id=\"12425491\" data-element_type=\"widget\" data-widget_type=\"heading.default\">\n\t\t\t\t<div class=\"elementor-widget-container\">\n\t\t\t<h1 class=\"elementor-heading-title elementor-size-default\">Ma\u013eovanie a remodeling<\/h1>\t\t<\/div>\n\t\t\t\t<\/div>\n\t\t\t\t<div class=\"elementor-element elementor-element-4023df1d elementor-widget elementor-widget-spacer\" data-id=\"4023df1d\" data-element_type=\"widget\" data-widget_type=\"spacer.default\">\n\t\t\t\t<div class=\"elementor-widget-container\">\n\t\t\t\t\t<div class=\"elementor-spacer\">\n\t\t\t<div class=\"elementor-spacer-inner\"><\/div>\n\t\t<\/div>\n\t\t\t\t<\/div>\n\t\t\t\t<\/div>\n\t\t\t\t<div class=\"elementor-element elementor-element-25c5fd6 elementor-widget elementor-widget-image\" data-id=\"25c5fd6\" data-element_type=\"widget\" data-widget_type=\"image.default\">\n\t\t\t\t<div class=\"elementor-widget-container\">\n\t\t\t\t\t\t\t\t\t\t\t\t\t<img decoding=\"async\" width=\"1704\" height=\"12\" src=\"https:\/\/www.tenerifemaintenance.com\/wp-content\/uploads\/2025\/04\/Ciara-PNG.png\" class=\"attachment-full size-full wp-image-258\" alt=\"\" srcset=\"https:\/\/www.tenerifemaintenance.com\/wp-content\/uploads\/2025\/04\/Ciara-PNG.png 1704w, https:\/\/www.tenerifemaintenance.com\/wp-content\/uploads\/2025\/04\/Ciara-PNG-300x2.png 300w, https:\/\/www.tenerifemaintenance.com\/wp-content\/uploads\/2025\/04\/Ciara-PNG-1024x7.png 1024w, https:\/\/www.tenerifemaintenance.com\/wp-content\/uploads\/2025\/04\/Ciara-PNG-768x5.png 768w, https:\/\/www.tenerifemaintenance.com\/wp-content\/uploads\/2025\/04\/Ciara-PNG-1536x11.png 1536w\" sizes=\"(max-width: 1704px) 100vw, 1704px\" \/>\t\t\t\t\t\t\t\t\t\t\t\t\t<\/div>\n\t\t\t\t<\/div>\n\t\t\t\t\t<\/div>\n\t\t<\/div>\n\t\t\t\t\t<\/div>\n\t\t<\/section>\n\t\t\t\t<section class=\"elementor-section elementor-top-section elementor-element elementor-element-32a86b0 elementor-section-boxed elementor-section-height-default elementor-section-height-default\" data-id=\"32a86b0\" data-element_type=\"section\" data-settings=\"{&quot;background_background&quot;:&quot;gradient&quot;}\">\n\t\t\t\t\t\t\t<div class=\"elementor-background-overlay\"><\/div>\n\t\t\t\t\t\t\t<div class=\"elementor-container elementor-column-gap-default\">\n\t\t\t\t\t<div class=\"elementor-column elementor-col-50 elementor-top-column elementor-element elementor-element-aa3a474\" data-id=\"aa3a474\" data-element_type=\"column\">\n\t\t\t<div class=\"elementor-widget-wrap elementor-element-populated\">\n\t\t\t\t\t\t<div class=\"elementor-element elementor-element-a24f707 elementor-widget elementor-widget-heading\" data-id=\"a24f707\" data-element_type=\"widget\" data-widget_type=\"heading.default\">\n\t\t\t\t<div class=\"elementor-widget-container\">\n\t\t\t<h2 class=\"elementor-heading-title elementor-size-default\">Ma\u013eovanie<\/h2>\t\t<\/div>\n\t\t\t\t<\/div>\n\t\t\t\t<div class=\"elementor-element elementor-element-6857bec elementor-widget elementor-widget-heading\" data-id=\"6857bec\" data-element_type=\"widget\" data-widget_type=\"heading.default\">\n\t\t\t\t<div class=\"elementor-widget-container\">\n\t\t\t<div class=\"elementor-heading-title elementor-size-default\"> <span style=\"background: linear-gradient(90deg, #01DFD4 0%, #0191A9 100%)\">met\u00f3dou airless<\/span><\/div>\t\t<\/div>\n\t\t\t\t<\/div>\n\t\t\t\t<div class=\"elementor-element elementor-element-8d7aa40 elementor-widget elementor-widget-text-editor\" data-id=\"8d7aa40\" data-element_type=\"widget\" data-widget_type=\"text-editor.default\">\n\t\t\t\t<div class=\"elementor-widget-container\">\n\t\t\t\t\t\t\t<p>T\u00e1to technol\u00f3gia je formou striekan\u00e9ho ma\u013eovania. Ide o modernej\u0161\u00ed sp\u00f4sob nan\u00e1\u0161ania farby, ktor\u00fd je \u010doraz ob\u013e\u00fabenej\u0161\u00ed aj u n\u00e1s v\u010faka svojej vysokej kvalite a efektivite.<\/p>\t\t\t\t\t\t<\/div>\n\t\t\t\t<\/div>\n\t\t\t\t<section class=\"elementor-section elementor-inner-section elementor-element elementor-element-25bec41 elementor-section-boxed elementor-section-height-default elementor-section-height-default\" data-id=\"25bec41\" data-element_type=\"section\">\n\t\t\t\t\t\t<div class=\"elementor-container elementor-column-gap-default\">\n\t\t\t\t\t<div class=\"elementor-column elementor-col-50 elementor-inner-column elementor-element elementor-element-394c665\" data-id=\"394c665\" data-element_type=\"column\" data-settings=\"{&quot;background_background&quot;:&quot;gradient&quot;}\">\n\t\t\t<div class=\"elementor-widget-wrap elementor-element-populated\">\n\t\t\t\t\t\t<div class=\"elementor-element elementor-element-2f7a366 elementor-widget elementor-widget-heading\" data-id=\"2f7a366\" data-element_type=\"widget\" data-widget_type=\"heading.default\">\n\t\t\t\t<div class=\"elementor-widget-container\">\n\t\t\t<h2 class=\"elementor-heading-title elementor-size-default\">\u0160etr\u00ed \u010das<\/h2>\t\t<\/div>\n\t\t\t\t<\/div>\n\t\t\t\t<div class=\"elementor-element elementor-element-905dc50 elementor-widget elementor-widget-text-editor\" data-id=\"905dc50\" data-element_type=\"widget\" data-widget_type=\"text-editor.default\">\n\t\t\t\t<div class=\"elementor-widget-container\">\n\t\t\t\t\t\t\t<p>V porovnan\u00ed s klasick\u00fdm ma\u013eovan\u00edm je hotov\u00e9 n\u00e1sobne r\u00fdchlej\u0161ie.<\/p>\t\t\t\t\t\t<\/div>\n\t\t\t\t<\/div>\n\t\t\t\t\t<\/div>\n\t\t<\/div>\n\t\t\t\t<div class=\"elementor-column elementor-col-50 elementor-inner-column elementor-element elementor-element-3d18670\" data-id=\"3d18670\" data-element_type=\"column\" data-settings=\"{&quot;background_background&quot;:&quot;gradient&quot;}\">\n\t\t\t<div class=\"elementor-widget-wrap elementor-element-populated\">\n\t\t\t\t\t\t<div class=\"elementor-element elementor-element-d18e44f elementor-widget elementor-widget-heading\" data-id=\"d18e44f\" data-element_type=\"widget\" data-widget_type=\"heading.default\">\n\t\t\t\t<div class=\"elementor-widget-container\">\n\t\t\t<h2 class=\"elementor-heading-title elementor-size-default\">\u017diadne stekance<\/h2>\t\t<\/div>\n\t\t\t\t<\/div>\n\t\t\t\t<div class=\"elementor-element elementor-element-f416863 elementor-widget elementor-widget-text-editor\" data-id=\"f416863\" data-element_type=\"widget\" data-widget_type=\"text-editor.default\">\n\t\t\t\t<div class=\"elementor-widget-container\">\n\t\t\t\t\t\t\t<p>Farba je nan\u00e1\u0161an\u00e1 rovnomerne a bez stekania pre dosiahnutie dokonal\u00e9ho v\u00fdsledku.<\/p>\t\t\t\t\t\t<\/div>\n\t\t\t\t<\/div>\n\t\t\t\t\t<\/div>\n\t\t<\/div>\n\t\t\t\t\t<\/div>\n\t\t<\/section>\n\t\t\t\t\t<\/div>\n\t\t<\/div>\n\t\t\t\t<div class=\"elementor-column elementor-col-50 elementor-top-column elementor-element elementor-element-ae3cd0f\" data-id=\"ae3cd0f\" data-element_type=\"column\">\n\t\t\t<div class=\"elementor-widget-wrap elementor-element-populated\">\n\t\t\t\t\t\t<div class=\"elementor-element elementor-element-470f566 elementor-widget elementor-widget-image\" data-id=\"470f566\" data-element_type=\"widget\" data-widget_type=\"image.default\">\n\t\t\t\t<div class=\"elementor-widget-container\">\n\t\t\t\t\t\t\t\t\t\t\t\t\t<img fetchpriority=\"high\" decoding=\"async\" width=\"589\" height=\"643\" src=\"https:\/\/www.tenerifemaintenance.com\/wp-content\/uploads\/2025\/04\/Malovanie-a-remodeling-1.png\" class=\"attachment-full size-full wp-image-265\" alt=\"\" srcset=\"https:\/\/www.tenerifemaintenance.com\/wp-content\/uploads\/2025\/04\/Malovanie-a-remodeling-1.png 589w, https:\/\/www.tenerifemaintenance.com\/wp-content\/uploads\/2025\/04\/Malovanie-a-remodeling-1-275x300.png 275w\" sizes=\"(max-width: 589px) 100vw, 589px\" \/>\t\t\t\t\t\t\t\t\t\t\t\t\t<\/div>\n\t\t\t\t<\/div>\n\t\t\t\t\t<\/div>\n\t\t<\/div>\n\t\t\t\t\t<\/div>\n\t\t<\/section>\n\t\t\t\t<section class=\"elementor-section elementor-top-section elementor-element elementor-element-84ceb3b elementor-section-boxed elementor-section-height-default elementor-section-height-default\" data-id=\"84ceb3b\" data-element_type=\"section\" data-settings=\"{&quot;background_background&quot;:&quot;gradient&quot;}\">\n\t\t\t\t\t\t<div class=\"elementor-container elementor-column-gap-default\">\n\t\t\t\t\t<div class=\"elementor-column elementor-col-100 elementor-top-column elementor-element elementor-element-0d01843\" data-id=\"0d01843\" data-element_type=\"column\">\n\t\t\t<div class=\"elementor-widget-wrap elementor-element-populated\">\n\t\t\t\t\t\t<div class=\"elementor-element elementor-element-2ada934 elementor-widget elementor-widget-image\" data-id=\"2ada934\" data-element_type=\"widget\" data-widget_type=\"image.default\">\n\t\t\t\t<div class=\"elementor-widget-container\">\n\t\t\t\t\t\t\t\t\t\t\t\t\t<img decoding=\"async\" width=\"1704\" height=\"12\" src=\"https:\/\/www.tenerifemaintenance.com\/wp-content\/uploads\/2025\/04\/Ciara-PNG.png\" class=\"attachment-full size-full wp-image-258\" alt=\"\" srcset=\"https:\/\/www.tenerifemaintenance.com\/wp-content\/uploads\/2025\/04\/Ciara-PNG.png 1704w, https:\/\/www.tenerifemaintenance.com\/wp-content\/uploads\/2025\/04\/Ciara-PNG-300x2.png 300w, https:\/\/www.tenerifemaintenance.com\/wp-content\/uploads\/2025\/04\/Ciara-PNG-1024x7.png 1024w, https:\/\/www.tenerifemaintenance.com\/wp-content\/uploads\/2025\/04\/Ciara-PNG-768x5.png 768w, https:\/\/www.tenerifemaintenance.com\/wp-content\/uploads\/2025\/04\/Ciara-PNG-1536x11.png 1536w\" sizes=\"(max-width: 1704px) 100vw, 1704px\" \/>\t\t\t\t\t\t\t\t\t\t\t\t\t<\/div>\n\t\t\t\t<\/div>\n\t\t\t\t\t<\/div>\n\t\t<\/div>\n\t\t\t\t\t<\/div>\n\t\t<\/section>\n\t\t\t\t<section class=\"elementor-section elementor-top-section elementor-element elementor-element-1869aa8 elementor-reverse-mobile elementor-section-boxed elementor-section-height-default elementor-section-height-default\" data-id=\"1869aa8\" data-element_type=\"section\" data-settings=\"{&quot;background_background&quot;:&quot;gradient&quot;}\">\n\t\t\t\t\t\t<div class=\"elementor-container elementor-column-gap-default\">\n\t\t\t\t\t<div class=\"elementor-column elementor-col-50 elementor-top-column elementor-element elementor-element-8ba0294\" data-id=\"8ba0294\" data-element_type=\"column\">\n\t\t\t<div class=\"elementor-widget-wrap elementor-element-populated\">\n\t\t\t\t\t\t<div class=\"elementor-element elementor-element-96f03b7 elementor-widget elementor-widget-image\" data-id=\"96f03b7\" data-element_type=\"widget\" data-widget_type=\"image.default\">\n\t\t\t\t<div class=\"elementor-widget-container\">\n\t\t\t\t\t\t\t\t\t\t\t\t\t<img decoding=\"async\" width=\"589\" height=\"643\" src=\"https:\/\/www.tenerifemaintenance.com\/wp-content\/uploads\/2025\/04\/Malovanie-a-remodeling-2.png\" class=\"attachment-full size-full wp-image-266\" alt=\"\" srcset=\"https:\/\/www.tenerifemaintenance.com\/wp-content\/uploads\/2025\/04\/Malovanie-a-remodeling-2.png 589w, https:\/\/www.tenerifemaintenance.com\/wp-content\/uploads\/2025\/04\/Malovanie-a-remodeling-2-275x300.png 275w\" sizes=\"(max-width: 589px) 100vw, 589px\" \/>\t\t\t\t\t\t\t\t\t\t\t\t\t<\/div>\n\t\t\t\t<\/div>\n\t\t\t\t\t<\/div>\n\t\t<\/div>\n\t\t\t\t<div class=\"elementor-column elementor-col-50 elementor-top-column elementor-element elementor-element-2a30072\" data-id=\"2a30072\" data-element_type=\"column\">\n\t\t\t<div class=\"elementor-widget-wrap elementor-element-populated\">\n\t\t\t\t\t\t<div class=\"elementor-element elementor-element-8e5d517 elementor-widget elementor-widget-heading\" data-id=\"8e5d517\" data-element_type=\"widget\" data-widget_type=\"heading.default\">\n\t\t\t\t<div class=\"elementor-widget-container\">\n\t\t\t<h2 class=\"elementor-heading-title elementor-size-default\">Remodeling<\/h2>\t\t<\/div>\n\t\t\t\t<\/div>\n\t\t\t\t<div class=\"elementor-element elementor-element-4a2531d elementor-widget elementor-widget-heading\" data-id=\"4a2531d\" data-element_type=\"widget\" data-widget_type=\"heading.default\">\n\t\t\t\t<div class=\"elementor-widget-container\">\n\t\t\t<div class=\"elementor-heading-title elementor-size-default\"> <span style=\"background: linear-gradient(90deg, #01DFD4 0%, #0191A9 100%)\">apartm\u00e1nov, domov \u010di bytov<\/span><\/div>\t\t<\/div>\n\t\t\t\t<\/div>\n\t\t\t\t<div class=\"elementor-element elementor-element-c911694 elementor-widget elementor-widget-text-editor\" data-id=\"c911694\" data-element_type=\"widget\" data-widget_type=\"text-editor.default\">\n\t\t\t\t<div class=\"elementor-widget-container\">\n\t\t\t\t\t\t\t<p>Realizujeme kompletn\u00e9 prer\u00e1bky k\u00fape\u013en\u00ed na k\u013e\u00fa\u010d vr\u00e1tane obkladov a dla\u017eieb. Zabezpe\u010d\u00edme profesion\u00e1lnu pokl\u00e1dku parkiet, mont\u00e1\u017e a osadenie dverov\u00fdch z\u00e1rubn\u00ed. Kvalitn\u00e9 prevedenie, prec\u00edznos\u0165 a spo\u013eahlivos\u0165 s\u00fa pre n\u00e1s samozrejmos\u0165ou. Va\u0161u k\u00fape\u013e\u0148u alebo interi\u00e9r uprav\u00edme pod\u013ea va\u0161ich predst\u00e1v.<\/p>\t\t\t\t\t\t<\/div>\n\t\t\t\t<\/div>\n\t\t\t\t\t<\/div>\n\t\t<\/div>\n\t\t\t\t\t<\/div>\n\t\t<\/section>\n\t\t\t\t<\/div>\n\t\t","protected":false},"excerpt":{"rendered":"<p>Ma\u013eovanie a remodeling Ma\u013eovanie met\u00f3dou airless T\u00e1to technol\u00f3gia je formou striekan\u00e9ho ma\u013eovania. Ide o modernej\u0161\u00ed sp\u00f4sob nan\u00e1\u0161ania farby, ktor\u00fd je \u010doraz ob\u013e\u00fabenej\u0161\u00ed aj u n\u00e1s v\u010faka svojej vysokej kvalite a efektivite. \u0160etr\u00ed \u010das V porovnan\u00ed s klasick\u00fdm ma\u013eovan\u00edm je hotov\u00e9 n\u00e1sobne r\u00fdchlej\u0161ie. \u017diadne stekance Farba je nan\u00e1\u0161an\u00e1 rovnomerne a bez stekania pre dosiahnutie dokonal\u00e9ho v\u00fdsledku. [&hellip;]<\/p>\n","protected":false},"author":3,"featured_media":0,"parent":0,"menu_order":0,"comment_status":"closed","ping_status":"closed","template":"elementor_header_footer","meta":{"footnotes":""},"class_list":["post-393","page","type-page","status-publish","hentry"],"yoast_head":"<!-- This site is optimized with the Yoast SEO plugin v23.7 - https:\/\/yoast.com\/wordpress\/plugins\/seo\/ -->\n<title>Ma\u013eovanie a remodeling bytov, domov \u010di apartm\u00e1nov<\/title>\n<meta name=\"description\" content=\"Ide\u00e1lne rie\u0161enie pre majite\u013eov apartm\u00e1nov a ubytovan\u00ed, ktor\u00ed chc\u00fa priv\u00edta\u0165 host\u00ed v dokonale \u010distom a upravenom priestore.\" \/>\n<meta name=\"robots\" content=\"index, follow, max-snippet:-1, max-image-preview:large, max-video-preview:-1\" \/>\n<link rel=\"canonical\" href=\"https:\/\/www.tenerifemaintenance.com\/malovanie-remodeling\/\" \/>\n<meta property=\"og:locale\" content=\"sk_SK\" \/>\n<meta property=\"og:type\" content=\"article\" \/>\n<meta property=\"og:title\" content=\"Ma\u013eovanie a remodeling bytov, domov \u010di apartm\u00e1nov\" \/>\n<meta property=\"og:description\" content=\"Ide\u00e1lne rie\u0161enie pre majite\u013eov apartm\u00e1nov a ubytovan\u00ed, ktor\u00ed chc\u00fa priv\u00edta\u0165 host\u00ed v dokonale \u010distom a upravenom priestore.\" \/>\n<meta property=\"og:url\" content=\"https:\/\/www.tenerifemaintenance.com\/malovanie-remodeling\/\" \/>\n<meta property=\"og:site_name\" content=\"Painting &amp; Cleaning\" \/>\n<meta property=\"article:modified_time\" content=\"2025-04-17T17:51:46+00:00\" \/>\n<meta property=\"og:image\" content=\"https:\/\/www.tenerifemaintenance.com\/wp-content\/uploads\/2025\/04\/Ciara-PNG.png\" \/>\n\t<meta property=\"og:image:width\" content=\"1704\" \/>\n\t<meta property=\"og:image:height\" content=\"12\" \/>\n\t<meta property=\"og:image:type\" content=\"image\/png\" \/>\n<meta name=\"twitter:card\" content=\"summary_large_image\" \/>\n<meta name=\"twitter:label1\" content=\"Predpokladan\u00fd \u010das \u010d\u00edtania\" \/>\n\t<meta name=\"twitter:data1\" content=\"2 min\u00faty\" \/>\n<script type=\"application\/ld+json\" class=\"yoast-schema-graph\">{\"@context\":\"https:\/\/schema.org\",\"@graph\":[{\"@type\":\"WebPage\",\"@id\":\"https:\/\/www.tenerifemaintenance.com\/malovanie-remodeling\/\",\"url\":\"https:\/\/www.tenerifemaintenance.com\/malovanie-remodeling\/\",\"name\":\"Ma\u013eovanie a remodeling bytov, domov \u010di apartm\u00e1nov\",\"isPartOf\":{\"@id\":\"https:\/\/www.tenerifemaintenance.com\/#website\"},\"primaryImageOfPage\":{\"@id\":\"https:\/\/www.tenerifemaintenance.com\/malovanie-remodeling\/#primaryimage\"},\"image\":{\"@id\":\"https:\/\/www.tenerifemaintenance.com\/malovanie-remodeling\/#primaryimage\"},\"thumbnailUrl\":\"https:\/\/www.tenerifemaintenance.com\/wp-content\/uploads\/2025\/04\/Ciara-PNG.png\",\"datePublished\":\"2025-04-15T19:24:12+00:00\",\"dateModified\":\"2025-04-17T17:51:46+00:00\",\"description\":\"Ide\u00e1lne rie\u0161enie pre majite\u013eov apartm\u00e1nov a ubytovan\u00ed, ktor\u00ed chc\u00fa priv\u00edta\u0165 host\u00ed v dokonale \u010distom a upravenom priestore.\",\"breadcrumb\":{\"@id\":\"https:\/\/www.tenerifemaintenance.com\/malovanie-remodeling\/#breadcrumb\"},\"inLanguage\":\"sk-SK\",\"potentialAction\":[{\"@type\":\"ReadAction\",\"target\":[\"https:\/\/www.tenerifemaintenance.com\/malovanie-remodeling\/\"]}]},{\"@type\":\"ImageObject\",\"inLanguage\":\"sk-SK\",\"@id\":\"https:\/\/www.tenerifemaintenance.com\/malovanie-remodeling\/#primaryimage\",\"url\":\"https:\/\/www.tenerifemaintenance.com\/wp-content\/uploads\/2025\/04\/Ciara-PNG.png\",\"contentUrl\":\"https:\/\/www.tenerifemaintenance.com\/wp-content\/uploads\/2025\/04\/Ciara-PNG.png\"},{\"@type\":\"BreadcrumbList\",\"@id\":\"https:\/\/www.tenerifemaintenance.com\/malovanie-remodeling\/#breadcrumb\",\"itemListElement\":[{\"@type\":\"ListItem\",\"position\":1,\"name\":\"Home\",\"item\":\"https:\/\/www.tenerifemaintenance.com\/\"},{\"@type\":\"ListItem\",\"position\":2,\"name\":\"Ma\u013eovanie a remodeling\"}]},{\"@type\":\"WebSite\",\"@id\":\"https:\/\/www.tenerifemaintenance.com\/#website\",\"url\":\"https:\/\/www.tenerifemaintenance.com\/\",\"name\":\"Painting &amp; Cleaning\",\"description\":\"\",\"publisher\":{\"@id\":\"https:\/\/www.tenerifemaintenance.com\/#organization\"},\"potentialAction\":[{\"@type\":\"SearchAction\",\"target\":{\"@type\":\"EntryPoint\",\"urlTemplate\":\"https:\/\/www.tenerifemaintenance.com\/?s={search_term_string}\"},\"query-input\":{\"@type\":\"PropertyValueSpecification\",\"valueRequired\":true,\"valueName\":\"search_term_string\"}}],\"inLanguage\":\"sk-SK\"},{\"@type\":\"Organization\",\"@id\":\"https:\/\/www.tenerifemaintenance.com\/#organization\",\"name\":\"Painting &amp; Cleaning\",\"url\":\"https:\/\/www.tenerifemaintenance.com\/\",\"logo\":{\"@type\":\"ImageObject\",\"inLanguage\":\"sk-SK\",\"@id\":\"https:\/\/www.tenerifemaintenance.com\/#\/schema\/logo\/image\/\",\"url\":\"https:\/\/www.tenerifemaintenance.com\/wp-content\/uploads\/2025\/04\/Logo-cierne-pozadie.png\",\"contentUrl\":\"https:\/\/www.tenerifemaintenance.com\/wp-content\/uploads\/2025\/04\/Logo-cierne-pozadie.png\",\"width\":375,\"height\":205,\"caption\":\"Painting &amp; Cleaning\"},\"image\":{\"@id\":\"https:\/\/www.tenerifemaintenance.com\/#\/schema\/logo\/image\/\"}}]}<\/script>\n<!-- \/ Yoast SEO plugin. -->","yoast_head_json":{"title":"Ma\u013eovanie a remodeling bytov, domov \u010di apartm\u00e1nov","description":"Ide\u00e1lne rie\u0161enie pre majite\u013eov apartm\u00e1nov a ubytovan\u00ed, ktor\u00ed chc\u00fa priv\u00edta\u0165 host\u00ed v dokonale \u010distom a upravenom priestore.","robots":{"index":"index","follow":"follow","max-snippet":"max-snippet:-1","max-image-preview":"max-image-preview:large","max-video-preview":"max-video-preview:-1"},"canonical":"https:\/\/www.tenerifemaintenance.com\/malovanie-remodeling\/","og_locale":"sk_SK","og_type":"article","og_title":"Ma\u013eovanie a remodeling bytov, domov \u010di apartm\u00e1nov","og_description":"Ide\u00e1lne rie\u0161enie pre majite\u013eov apartm\u00e1nov a ubytovan\u00ed, ktor\u00ed chc\u00fa priv\u00edta\u0165 host\u00ed v dokonale \u010distom a upravenom priestore.","og_url":"https:\/\/www.tenerifemaintenance.com\/malovanie-remodeling\/","og_site_name":"Painting &amp; Cleaning","article_modified_time":"2025-04-17T17:51:46+00:00","og_image":[{"width":1704,"height":12,"url":"https:\/\/www.tenerifemaintenance.com\/wp-content\/uploads\/2025\/04\/Ciara-PNG.png","type":"image\/png"}],"twitter_card":"summary_large_image","twitter_misc":{"Predpokladan\u00fd \u010das \u010d\u00edtania":"2 min\u00faty"},"schema":{"@context":"https:\/\/schema.org","@graph":[{"@type":"WebPage","@id":"https:\/\/www.tenerifemaintenance.com\/malovanie-remodeling\/","url":"https:\/\/www.tenerifemaintenance.com\/malovanie-remodeling\/","name":"Ma\u013eovanie a remodeling bytov, domov \u010di apartm\u00e1nov","isPartOf":{"@id":"https:\/\/www.tenerifemaintenance.com\/#website"},"primaryImageOfPage":{"@id":"https:\/\/www.tenerifemaintenance.com\/malovanie-remodeling\/#primaryimage"},"image":{"@id":"https:\/\/www.tenerifemaintenance.com\/malovanie-remodeling\/#primaryimage"},"thumbnailUrl":"https:\/\/www.tenerifemaintenance.com\/wp-content\/uploads\/2025\/04\/Ciara-PNG.png","datePublished":"2025-04-15T19:24:12+00:00","dateModified":"2025-04-17T17:51:46+00:00","description":"Ide\u00e1lne rie\u0161enie pre majite\u013eov apartm\u00e1nov a ubytovan\u00ed, ktor\u00ed chc\u00fa priv\u00edta\u0165 host\u00ed v dokonale \u010distom a upravenom priestore.","breadcrumb":{"@id":"https:\/\/www.tenerifemaintenance.com\/malovanie-remodeling\/#breadcrumb"},"inLanguage":"sk-SK","potentialAction":[{"@type":"ReadAction","target":["https:\/\/www.tenerifemaintenance.com\/malovanie-remodeling\/"]}]},{"@type":"ImageObject","inLanguage":"sk-SK","@id":"https:\/\/www.tenerifemaintenance.com\/malovanie-remodeling\/#primaryimage","url":"https:\/\/www.tenerifemaintenance.com\/wp-content\/uploads\/2025\/04\/Ciara-PNG.png","contentUrl":"https:\/\/www.tenerifemaintenance.com\/wp-content\/uploads\/2025\/04\/Ciara-PNG.png"},{"@type":"BreadcrumbList","@id":"https:\/\/www.tenerifemaintenance.com\/malovanie-remodeling\/#breadcrumb","itemListElement":[{"@type":"ListItem","position":1,"name":"Home","item":"https:\/\/www.tenerifemaintenance.com\/"},{"@type":"ListItem","position":2,"name":"Ma\u013eovanie a remodeling"}]},{"@type":"WebSite","@id":"https:\/\/www.tenerifemaintenance.com\/#website","url":"https:\/\/www.tenerifemaintenance.com\/","name":"Painting &amp; Cleaning","description":"","publisher":{"@id":"https:\/\/www.tenerifemaintenance.com\/#organization"},"potentialAction":[{"@type":"SearchAction","target":{"@type":"EntryPoint","urlTemplate":"https:\/\/www.tenerifemaintenance.com\/?s={search_term_string}"},"query-input":{"@type":"PropertyValueSpecification","valueRequired":true,"valueName":"search_term_string"}}],"inLanguage":"sk-SK"},{"@type":"Organization","@id":"https:\/\/www.tenerifemaintenance.com\/#organization","name":"Painting &amp; Cleaning","url":"https:\/\/www.tenerifemaintenance.com\/","logo":{"@type":"ImageObject","inLanguage":"sk-SK","@id":"https:\/\/www.tenerifemaintenance.com\/#\/schema\/logo\/image\/","url":"https:\/\/www.tenerifemaintenance.com\/wp-content\/uploads\/2025\/04\/Logo-cierne-pozadie.png","contentUrl":"https:\/\/www.tenerifemaintenance.com\/wp-content\/uploads\/2025\/04\/Logo-cierne-pozadie.png","width":375,"height":205,"caption":"Painting &amp; Cleaning"},"image":{"@id":"https:\/\/www.tenerifemaintenance.com\/#\/schema\/logo\/image\/"}}]}},"_links":{"self":[{"href":"https:\/\/www.tenerifemaintenance.com\/sk\/wp-json\/wp\/v2\/pages\/393","targetHints":{"allow":["GET"]}}],"collection":[{"href":"https:\/\/www.tenerifemaintenance.com\/sk\/wp-json\/wp\/v2\/pages"}],"about":[{"href":"https:\/\/www.tenerifemaintenance.com\/sk\/wp-json\/wp\/v2\/types\/page"}],"author":[{"embeddable":true,"href":"https:\/\/www.tenerifemaintenance.com\/sk\/wp-json\/wp\/v2\/users\/3"}],"replies":[{"embeddable":true,"href":"https:\/\/www.tenerifemaintenance.com\/sk\/wp-json\/wp\/v2\/comments?post=393"}],"version-history":[{"count":24,"href":"https:\/\/www.tenerifemaintenance.com\/sk\/wp-json\/wp\/v2\/pages\/393\/revisions"}],"predecessor-version":[{"id":800,"href":"https:\/\/www.tenerifemaintenance.com\/sk\/wp-json\/wp\/v2\/pages\/393\/revisions\/800"}],"wp:attachment":[{"href":"https:\/\/www.tenerifemaintenance.com\/sk\/wp-json\/wp\/v2\/media?parent=393"}],"curies":[{"name":"wp","href":"https:\/\/api.w.org\/{rel}","templated":true}]}}