{"id":490,"date":"2025-04-17T13:21:42","date_gmt":"2025-04-17T11:21:42","guid":{"rendered":"https:\/\/www.tenerifemaintenance.com\/?page_id=490"},"modified":"2025-04-17T13:29:21","modified_gmt":"2025-04-17T11:29:21","slug":"galeria","status":"publish","type":"page","link":"https:\/\/www.tenerifemaintenance.com\/sk\/galeria\/","title":{"rendered":"Gal\u00e9ria"},"content":{"rendered":"\t\t<div data-elementor-type=\"wp-post\" data-elementor-id=\"490\" class=\"elementor elementor-490\" data-elementor-post-type=\"page\">\n\t\t\t\t\t\t<section class=\"elementor-section elementor-top-section elementor-element elementor-element-3c0fac88 elementor-section-content-middle elementor-section-boxed elementor-section-height-default elementor-section-height-default\" data-id=\"3c0fac88\" data-element_type=\"section\" data-settings=\"{&quot;background_background&quot;:&quot;classic&quot;}\">\n\t\t\t\t\t\t<div class=\"elementor-container elementor-column-gap-default\">\n\t\t\t\t\t<div class=\"elementor-column elementor-col-100 elementor-top-column elementor-element elementor-element-47d49080\" data-id=\"47d49080\" data-element_type=\"column\">\n\t\t\t<div class=\"elementor-widget-wrap elementor-element-populated\">\n\t\t\t\t\t\t<div class=\"elementor-element elementor-element-49d0fbd elementor-widget elementor-widget-spacer\" data-id=\"49d0fbd\" data-element_type=\"widget\" data-widget_type=\"spacer.default\">\n\t\t\t\t<div class=\"elementor-widget-container\">\n\t\t\t\t\t<div class=\"elementor-spacer\">\n\t\t\t<div class=\"elementor-spacer-inner\"><\/div>\n\t\t<\/div>\n\t\t\t\t<\/div>\n\t\t\t\t<\/div>\n\t\t\t\t<div class=\"elementor-element elementor-element-12425491 elementor-widget elementor-widget-heading\" data-id=\"12425491\" data-element_type=\"widget\" data-widget_type=\"heading.default\">\n\t\t\t\t<div class=\"elementor-widget-container\">\n\t\t\t<h1 class=\"elementor-heading-title elementor-size-default\">Gal\u00e9ria<\/h1>\t\t<\/div>\n\t\t\t\t<\/div>\n\t\t\t\t<div class=\"elementor-element elementor-element-4023df1d elementor-widget elementor-widget-spacer\" data-id=\"4023df1d\" data-element_type=\"widget\" data-widget_type=\"spacer.default\">\n\t\t\t\t<div class=\"elementor-widget-container\">\n\t\t\t\t\t<div class=\"elementor-spacer\">\n\t\t\t<div class=\"elementor-spacer-inner\"><\/div>\n\t\t<\/div>\n\t\t\t\t<\/div>\n\t\t\t\t<\/div>\n\t\t\t\t\t<\/div>\n\t\t<\/div>\n\t\t\t\t\t<\/div>\n\t\t<\/section>\n\t\t\t\t<section class=\"elementor-section elementor-top-section elementor-element elementor-element-c20b88f elementor-section-boxed elementor-section-height-default elementor-section-height-default\" data-id=\"c20b88f\" data-element_type=\"section\" data-settings=\"{&quot;background_background&quot;:&quot;gradient&quot;}\">\n\t\t\t\t\t\t\t<div class=\"elementor-background-overlay\"><\/div>\n\t\t\t\t\t\t\t<div class=\"elementor-container elementor-column-gap-default\">\n\t\t\t\t\t<div class=\"elementor-column elementor-col-100 elementor-top-column elementor-element elementor-element-161e990\" data-id=\"161e990\" data-element_type=\"column\">\n\t\t\t<div class=\"elementor-widget-wrap elementor-element-populated\">\n\t\t\t\t\t\t<div class=\"elementor-element elementor-element-8e25b8d elementor-widget elementor-widget-gallery\" data-id=\"8e25b8d\" data-element_type=\"widget\" data-settings=\"{&quot;columns_mobile&quot;:2,&quot;lazyload&quot;:&quot;yes&quot;,&quot;gallery_layout&quot;:&quot;grid&quot;,&quot;columns&quot;:4,&quot;columns_tablet&quot;:2,&quot;gap&quot;:{&quot;unit&quot;:&quot;px&quot;,&quot;size&quot;:10,&quot;sizes&quot;:[]},&quot;gap_tablet&quot;:{&quot;unit&quot;:&quot;px&quot;,&quot;size&quot;:10,&quot;sizes&quot;:[]},&quot;gap_mobile&quot;:{&quot;unit&quot;:&quot;px&quot;,&quot;size&quot;:10,&quot;sizes&quot;:[]},&quot;link_to&quot;:&quot;file&quot;,&quot;aspect_ratio&quot;:&quot;3:2&quot;,&quot;overlay_background&quot;:&quot;yes&quot;,&quot;content_hover_animation&quot;:&quot;fade-in&quot;}\" data-widget_type=\"gallery.default\">\n\t\t\t\t<div class=\"elementor-widget-container\">\n\t\t\t\t\t<div class=\"elementor-gallery__container\">\n\t\t\t\t\t\t\t<a class=\"e-gallery-item elementor-gallery-item elementor-animated-content\" href=\"https:\/\/www.tenerifemaintenance.com\/wp-content\/uploads\/2025\/04\/Gallery-7.png\" data-elementor-open-lightbox=\"yes\" data-elementor-lightbox-slideshow=\"8e25b8d\" data-elementor-lightbox-title=\"Gallery 7\" data-e-action-hash=\"#elementor-action%3Aaction%3Dlightbox%26settings%3DeyJpZCI6NTA3LCJ1cmwiOiJodHRwczpcL1wvd3d3LnRlbmVyaWZlbWFpbnRlbmFuY2UuY29tXC93cC1jb250ZW50XC91cGxvYWRzXC8yMDI1XC8wNFwvR2FsbGVyeS03LnBuZyIsInNsaWRlc2hvdyI6IjhlMjViOGQifQ%3D%3D\">\n\t\t\t\t\t<div class=\"e-gallery-image elementor-gallery-item__image\" data-thumbnail=\"https:\/\/www.tenerifemaintenance.com\/wp-content\/uploads\/2025\/04\/Gallery-7.png\" data-width=\"1189\" data-height=\"1585\" aria-label=\"\" role=\"img\" ><\/div>\n\t\t\t\t\t\t\t\t\t\t\t<div class=\"elementor-gallery-item__overlay\"><\/div>\n\t\t\t\t\t\t\t\t\t\t\t\t\t\t<\/a>\n\t\t\t\t\t\t\t<a class=\"e-gallery-item elementor-gallery-item elementor-animated-content\" href=\"https:\/\/www.tenerifemaintenance.com\/wp-content\/uploads\/2025\/04\/Gallery-6.png\" data-elementor-open-lightbox=\"yes\" data-elementor-lightbox-slideshow=\"8e25b8d\" data-elementor-lightbox-title=\"Gallery 6\" data-e-action-hash=\"#elementor-action%3Aaction%3Dlightbox%26settings%3DeyJpZCI6NTA2LCJ1cmwiOiJodHRwczpcL1wvd3d3LnRlbmVyaWZlbWFpbnRlbmFuY2UuY29tXC93cC1jb250ZW50XC91cGxvYWRzXC8yMDI1XC8wNFwvR2FsbGVyeS02LnBuZyIsInNsaWRlc2hvdyI6IjhlMjViOGQifQ%3D%3D\">\n\t\t\t\t\t<div class=\"e-gallery-image elementor-gallery-item__image\" data-thumbnail=\"https:\/\/www.tenerifemaintenance.com\/wp-content\/uploads\/2025\/04\/Gallery-6.png\" data-width=\"1029\" data-height=\"1372\" aria-label=\"\" role=\"img\" ><\/div>\n\t\t\t\t\t\t\t\t\t\t\t<div class=\"elementor-gallery-item__overlay\"><\/div>\n\t\t\t\t\t\t\t\t\t\t\t\t\t\t<\/a>\n\t\t\t\t\t\t\t<a class=\"e-gallery-item elementor-gallery-item elementor-animated-content\" href=\"https:\/\/www.tenerifemaintenance.com\/wp-content\/uploads\/2025\/04\/Gallery-5.png\" data-elementor-open-lightbox=\"yes\" data-elementor-lightbox-slideshow=\"8e25b8d\" data-elementor-lightbox-title=\"Gallery 5\" data-e-action-hash=\"#elementor-action%3Aaction%3Dlightbox%26settings%3DeyJpZCI6NTA1LCJ1cmwiOiJodHRwczpcL1wvd3d3LnRlbmVyaWZlbWFpbnRlbmFuY2UuY29tXC93cC1jb250ZW50XC91cGxvYWRzXC8yMDI1XC8wNFwvR2FsbGVyeS01LnBuZyIsInNsaWRlc2hvdyI6IjhlMjViOGQifQ%3D%3D\">\n\t\t\t\t\t<div class=\"e-gallery-image elementor-gallery-item__image\" data-thumbnail=\"https:\/\/www.tenerifemaintenance.com\/wp-content\/uploads\/2025\/04\/Gallery-5.png\" data-width=\"1029\" data-height=\"1372\" aria-label=\"\" role=\"img\" ><\/div>\n\t\t\t\t\t\t\t\t\t\t\t<div class=\"elementor-gallery-item__overlay\"><\/div>\n\t\t\t\t\t\t\t\t\t\t\t\t\t\t<\/a>\n\t\t\t\t\t\t\t<a class=\"e-gallery-item elementor-gallery-item elementor-animated-content\" href=\"https:\/\/www.tenerifemaintenance.com\/wp-content\/uploads\/2025\/04\/Gallery-4.png\" data-elementor-open-lightbox=\"yes\" data-elementor-lightbox-slideshow=\"8e25b8d\" data-elementor-lightbox-title=\"Gallery 4\" data-e-action-hash=\"#elementor-action%3Aaction%3Dlightbox%26settings%3DeyJpZCI6NTA0LCJ1cmwiOiJodHRwczpcL1wvd3d3LnRlbmVyaWZlbWFpbnRlbmFuY2UuY29tXC93cC1jb250ZW50XC91cGxvYWRzXC8yMDI1XC8wNFwvR2FsbGVyeS00LnBuZyIsInNsaWRlc2hvdyI6IjhlMjViOGQifQ%3D%3D\">\n\t\t\t\t\t<div class=\"e-gallery-image elementor-gallery-item__image\" data-thumbnail=\"https:\/\/www.tenerifemaintenance.com\/wp-content\/uploads\/2025\/04\/Gallery-4.png\" data-width=\"1033\" data-height=\"1378\" aria-label=\"\" role=\"img\" ><\/div>\n\t\t\t\t\t\t\t\t\t\t\t<div class=\"elementor-gallery-item__overlay\"><\/div>\n\t\t\t\t\t\t\t\t\t\t\t\t\t\t<\/a>\n\t\t\t\t\t\t\t<a class=\"e-gallery-item elementor-gallery-item elementor-animated-content\" href=\"https:\/\/www.tenerifemaintenance.com\/wp-content\/uploads\/2025\/04\/Gallery-3.png\" data-elementor-open-lightbox=\"yes\" data-elementor-lightbox-slideshow=\"8e25b8d\" data-elementor-lightbox-title=\"Gallery 3\" data-e-action-hash=\"#elementor-action%3Aaction%3Dlightbox%26settings%3DeyJpZCI6NTAyLCJ1cmwiOiJodHRwczpcL1wvd3d3LnRlbmVyaWZlbWFpbnRlbmFuY2UuY29tXC93cC1jb250ZW50XC91cGxvYWRzXC8yMDI1XC8wNFwvR2FsbGVyeS0zLnBuZyIsInNsaWRlc2hvdyI6IjhlMjViOGQifQ%3D%3D\">\n\t\t\t\t\t<div class=\"e-gallery-image elementor-gallery-item__image\" data-thumbnail=\"https:\/\/www.tenerifemaintenance.com\/wp-content\/uploads\/2025\/04\/Gallery-3.png\" data-width=\"997\" data-height=\"1330\" aria-label=\"\" role=\"img\" ><\/div>\n\t\t\t\t\t\t\t\t\t\t\t<div class=\"elementor-gallery-item__overlay\"><\/div>\n\t\t\t\t\t\t\t\t\t\t\t\t\t\t<\/a>\n\t\t\t\t\t\t\t<a class=\"e-gallery-item elementor-gallery-item elementor-animated-content\" href=\"https:\/\/www.tenerifemaintenance.com\/wp-content\/uploads\/2025\/04\/Gallery-2.png\" data-elementor-open-lightbox=\"yes\" data-elementor-lightbox-slideshow=\"8e25b8d\" data-elementor-lightbox-title=\"Gallery 2\" data-e-action-hash=\"#elementor-action%3Aaction%3Dlightbox%26settings%3DeyJpZCI6NTAxLCJ1cmwiOiJodHRwczpcL1wvd3d3LnRlbmVyaWZlbWFpbnRlbmFuY2UuY29tXC93cC1jb250ZW50XC91cGxvYWRzXC8yMDI1XC8wNFwvR2FsbGVyeS0yLnBuZyIsInNsaWRlc2hvdyI6IjhlMjViOGQifQ%3D%3D\">\n\t\t\t\t\t<div class=\"e-gallery-image elementor-gallery-item__image\" data-thumbnail=\"https:\/\/www.tenerifemaintenance.com\/wp-content\/uploads\/2025\/04\/Gallery-2.png\" data-width=\"997\" data-height=\"1330\" aria-label=\"\" role=\"img\" ><\/div>\n\t\t\t\t\t\t\t\t\t\t\t<div class=\"elementor-gallery-item__overlay\"><\/div>\n\t\t\t\t\t\t\t\t\t\t\t\t\t\t<\/a>\n\t\t\t\t\t\t\t<a class=\"e-gallery-item elementor-gallery-item elementor-animated-content\" href=\"https:\/\/www.tenerifemaintenance.com\/wp-content\/uploads\/2025\/04\/Gallery-1.png\" data-elementor-open-lightbox=\"yes\" data-elementor-lightbox-slideshow=\"8e25b8d\" data-elementor-lightbox-title=\"Gallery 1\" data-e-action-hash=\"#elementor-action%3Aaction%3Dlightbox%26settings%3DeyJpZCI6NTAwLCJ1cmwiOiJodHRwczpcL1wvd3d3LnRlbmVyaWZlbWFpbnRlbmFuY2UuY29tXC93cC1jb250ZW50XC91cGxvYWRzXC8yMDI1XC8wNFwvR2FsbGVyeS0xLnBuZyIsInNsaWRlc2hvdyI6IjhlMjViOGQifQ%3D%3D\">\n\t\t\t\t\t<div class=\"e-gallery-image elementor-gallery-item__image\" data-thumbnail=\"https:\/\/www.tenerifemaintenance.com\/wp-content\/uploads\/2025\/04\/Gallery-1.png\" data-width=\"1265\" data-height=\"1687\" aria-label=\"\" role=\"img\" ><\/div>\n\t\t\t\t\t\t\t\t\t\t\t<div class=\"elementor-gallery-item__overlay\"><\/div>\n\t\t\t\t\t\t\t\t\t\t\t\t\t\t<\/a>\n\t\t\t\t\t\t\t<a class=\"e-gallery-item elementor-gallery-item elementor-animated-content\" href=\"https:\/\/www.tenerifemaintenance.com\/wp-content\/uploads\/2025\/04\/Gallery-14.png\" data-elementor-open-lightbox=\"yes\" data-elementor-lightbox-slideshow=\"8e25b8d\" data-elementor-lightbox-title=\"Gallery 14\" data-e-action-hash=\"#elementor-action%3Aaction%3Dlightbox%26settings%3DeyJpZCI6NDk5LCJ1cmwiOiJodHRwczpcL1wvd3d3LnRlbmVyaWZlbWFpbnRlbmFuY2UuY29tXC93cC1jb250ZW50XC91cGxvYWRzXC8yMDI1XC8wNFwvR2FsbGVyeS0xNC5wbmciLCJzbGlkZXNob3ciOiI4ZTI1YjhkIn0%3D\">\n\t\t\t\t\t<div class=\"e-gallery-image elementor-gallery-item__image\" data-thumbnail=\"https:\/\/www.tenerifemaintenance.com\/wp-content\/uploads\/2025\/04\/Gallery-14.png\" data-width=\"1187\" data-height=\"1582\" aria-label=\"\" role=\"img\" ><\/div>\n\t\t\t\t\t\t\t\t\t\t\t<div class=\"elementor-gallery-item__overlay\"><\/div>\n\t\t\t\t\t\t\t\t\t\t\t\t\t\t<\/a>\n\t\t\t\t\t\t\t<a class=\"e-gallery-item elementor-gallery-item elementor-animated-content\" href=\"https:\/\/www.tenerifemaintenance.com\/wp-content\/uploads\/2025\/04\/Gallery-13.png\" data-elementor-open-lightbox=\"yes\" data-elementor-lightbox-slideshow=\"8e25b8d\" data-elementor-lightbox-title=\"Gallery 13\" data-e-action-hash=\"#elementor-action%3Aaction%3Dlightbox%26settings%3DeyJpZCI6NDk4LCJ1cmwiOiJodHRwczpcL1wvd3d3LnRlbmVyaWZlbWFpbnRlbmFuY2UuY29tXC93cC1jb250ZW50XC91cGxvYWRzXC8yMDI1XC8wNFwvR2FsbGVyeS0xMy5wbmciLCJzbGlkZXNob3ciOiI4ZTI1YjhkIn0%3D\">\n\t\t\t\t\t<div class=\"e-gallery-image elementor-gallery-item__image\" data-thumbnail=\"https:\/\/www.tenerifemaintenance.com\/wp-content\/uploads\/2025\/04\/Gallery-13.png\" data-width=\"1186\" data-height=\"1582\" aria-label=\"\" role=\"img\" ><\/div>\n\t\t\t\t\t\t\t\t\t\t\t<div class=\"elementor-gallery-item__overlay\"><\/div>\n\t\t\t\t\t\t\t\t\t\t\t\t\t\t<\/a>\n\t\t\t\t\t\t\t<a class=\"e-gallery-item elementor-gallery-item elementor-animated-content\" href=\"https:\/\/www.tenerifemaintenance.com\/wp-content\/uploads\/2025\/04\/Gallery-12.png\" data-elementor-open-lightbox=\"yes\" data-elementor-lightbox-slideshow=\"8e25b8d\" data-elementor-lightbox-title=\"Gallery 12\" data-e-action-hash=\"#elementor-action%3Aaction%3Dlightbox%26settings%3DeyJpZCI6NDk3LCJ1cmwiOiJodHRwczpcL1wvd3d3LnRlbmVyaWZlbWFpbnRlbmFuY2UuY29tXC93cC1jb250ZW50XC91cGxvYWRzXC8yMDI1XC8wNFwvR2FsbGVyeS0xMi5wbmciLCJzbGlkZXNob3ciOiI4ZTI1YjhkIn0%3D\">\n\t\t\t\t\t<div class=\"e-gallery-image elementor-gallery-item__image\" data-thumbnail=\"https:\/\/www.tenerifemaintenance.com\/wp-content\/uploads\/2025\/04\/Gallery-12.png\" data-width=\"1607\" data-height=\"823\" aria-label=\"\" role=\"img\" ><\/div>\n\t\t\t\t\t\t\t\t\t\t\t<div class=\"elementor-gallery-item__overlay\"><\/div>\n\t\t\t\t\t\t\t\t\t\t\t\t\t\t<\/a>\n\t\t\t\t\t\t\t<a class=\"e-gallery-item elementor-gallery-item elementor-animated-content\" href=\"https:\/\/www.tenerifemaintenance.com\/wp-content\/uploads\/2025\/04\/Gallery-11.png\" data-elementor-open-lightbox=\"yes\" data-elementor-lightbox-slideshow=\"8e25b8d\" data-elementor-lightbox-title=\"Gallery 11\" data-e-action-hash=\"#elementor-action%3Aaction%3Dlightbox%26settings%3DeyJpZCI6NDk2LCJ1cmwiOiJodHRwczpcL1wvd3d3LnRlbmVyaWZlbWFpbnRlbmFuY2UuY29tXC93cC1jb250ZW50XC91cGxvYWRzXC8yMDI1XC8wNFwvR2FsbGVyeS0xMS5wbmciLCJzbGlkZXNob3ciOiI4ZTI1YjhkIn0%3D\">\n\t\t\t\t\t<div class=\"e-gallery-image elementor-gallery-item__image\" data-thumbnail=\"https:\/\/www.tenerifemaintenance.com\/wp-content\/uploads\/2025\/04\/Gallery-11.png\" data-width=\"965\" data-height=\"1287\" aria-label=\"\" role=\"img\" ><\/div>\n\t\t\t\t\t\t\t\t\t\t\t<div class=\"elementor-gallery-item__overlay\"><\/div>\n\t\t\t\t\t\t\t\t\t\t\t\t\t\t<\/a>\n\t\t\t\t\t\t\t<a class=\"e-gallery-item elementor-gallery-item elementor-animated-content\" href=\"https:\/\/www.tenerifemaintenance.com\/wp-content\/uploads\/2025\/04\/Gallery-10.png\" data-elementor-open-lightbox=\"yes\" data-elementor-lightbox-slideshow=\"8e25b8d\" data-elementor-lightbox-title=\"Gallery 10\" data-e-action-hash=\"#elementor-action%3Aaction%3Dlightbox%26settings%3DeyJpZCI6NDk1LCJ1cmwiOiJodHRwczpcL1wvd3d3LnRlbmVyaWZlbWFpbnRlbmFuY2UuY29tXC93cC1jb250ZW50XC91cGxvYWRzXC8yMDI1XC8wNFwvR2FsbGVyeS0xMC5wbmciLCJzbGlkZXNob3ciOiI4ZTI1YjhkIn0%3D\">\n\t\t\t\t\t<div class=\"e-gallery-image elementor-gallery-item__image\" data-thumbnail=\"https:\/\/www.tenerifemaintenance.com\/wp-content\/uploads\/2025\/04\/Gallery-10.png\" data-width=\"965\" data-height=\"1287\" aria-label=\"\" role=\"img\" ><\/div>\n\t\t\t\t\t\t\t\t\t\t\t<div class=\"elementor-gallery-item__overlay\"><\/div>\n\t\t\t\t\t\t\t\t\t\t\t\t\t\t<\/a>\n\t\t\t\t\t\t\t<a class=\"e-gallery-item elementor-gallery-item elementor-animated-content\" href=\"https:\/\/www.tenerifemaintenance.com\/wp-content\/uploads\/2025\/04\/Gallery-9.png\" data-elementor-open-lightbox=\"yes\" data-elementor-lightbox-slideshow=\"8e25b8d\" data-elementor-lightbox-title=\"Gallery 9\" data-e-action-hash=\"#elementor-action%3Aaction%3Dlightbox%26settings%3DeyJpZCI6NDk0LCJ1cmwiOiJodHRwczpcL1wvd3d3LnRlbmVyaWZlbWFpbnRlbmFuY2UuY29tXC93cC1jb250ZW50XC91cGxvYWRzXC8yMDI1XC8wNFwvR2FsbGVyeS05LnBuZyIsInNsaWRlc2hvdyI6IjhlMjViOGQifQ%3D%3D\">\n\t\t\t\t\t<div class=\"e-gallery-image elementor-gallery-item__image\" data-thumbnail=\"https:\/\/www.tenerifemaintenance.com\/wp-content\/uploads\/2025\/04\/Gallery-9.png\" data-width=\"1131\" data-height=\"1428\" aria-label=\"\" role=\"img\" ><\/div>\n\t\t\t\t\t\t\t\t\t\t\t<div class=\"elementor-gallery-item__overlay\"><\/div>\n\t\t\t\t\t\t\t\t\t\t\t\t\t\t<\/a>\n\t\t\t\t\t\t\t<a class=\"e-gallery-item elementor-gallery-item elementor-animated-content\" href=\"https:\/\/www.tenerifemaintenance.com\/wp-content\/uploads\/2025\/04\/Gallery-8.png\" data-elementor-open-lightbox=\"yes\" data-elementor-lightbox-slideshow=\"8e25b8d\" data-elementor-lightbox-title=\"Gallery 8\" data-e-action-hash=\"#elementor-action%3Aaction%3Dlightbox%26settings%3DeyJpZCI6NDkyLCJ1cmwiOiJodHRwczpcL1wvd3d3LnRlbmVyaWZlbWFpbnRlbmFuY2UuY29tXC93cC1jb250ZW50XC91cGxvYWRzXC8yMDI1XC8wNFwvR2FsbGVyeS04LnBuZyIsInNsaWRlc2hvdyI6IjhlMjViOGQifQ%3D%3D\">\n\t\t\t\t\t<div class=\"e-gallery-image elementor-gallery-item__image\" data-thumbnail=\"https:\/\/www.tenerifemaintenance.com\/wp-content\/uploads\/2025\/04\/Gallery-8.png\" data-width=\"2023\" data-height=\"1145\" aria-label=\"\" role=\"img\" ><\/div>\n\t\t\t\t\t\t\t\t\t\t\t<div class=\"elementor-gallery-item__overlay\"><\/div>\n\t\t\t\t\t\t\t\t\t\t\t\t\t\t<\/a>\n\t\t\t\t\t<\/div>\n\t\t\t<\/div>\n\t\t\t\t<\/div>\n\t\t\t\t\t<\/div>\n\t\t<\/div>\n\t\t\t\t\t<\/div>\n\t\t<\/section>\n\t\t\t\t<\/div>\n\t\t","protected":false},"excerpt":{"rendered":"<p>Gal\u00e9ria<\/p>\n","protected":false},"author":3,"featured_media":0,"parent":0,"menu_order":0,"comment_status":"closed","ping_status":"closed","template":"elementor_header_footer","meta":{"footnotes":""},"class_list":["post-490","page","type-page","status-publish","hentry"],"yoast_head":"<!-- This site is optimized with the Yoast SEO plugin v23.7 - https:\/\/yoast.com\/wordpress\/plugins\/seo\/ -->\n<title>Gal\u00e9ria - Painting &amp; Cleaning<\/title>\n<meta name=\"description\" content=\"M\u00e1te z\u00e1ujem \u010di ot\u00e1zky? Nev\u00e1hajte n\u00e1s kontaktova\u0165.\" \/>\n<meta name=\"robots\" content=\"index, follow, max-snippet:-1, max-image-preview:large, max-video-preview:-1\" \/>\n<link rel=\"canonical\" href=\"https:\/\/www.tenerifemaintenance.com\/galeria\/\" \/>\n<meta property=\"og:locale\" content=\"sk_SK\" \/>\n<meta property=\"og:type\" content=\"article\" \/>\n<meta property=\"og:title\" content=\"Gal\u00e9ria - Painting &amp; Cleaning\" \/>\n<meta property=\"og:description\" content=\"M\u00e1te z\u00e1ujem \u010di ot\u00e1zky? Nev\u00e1hajte n\u00e1s kontaktova\u0165.\" \/>\n<meta property=\"og:url\" content=\"https:\/\/www.tenerifemaintenance.com\/galeria\/\" \/>\n<meta property=\"og:site_name\" content=\"Painting &amp; Cleaning\" \/>\n<meta property=\"article:modified_time\" content=\"2025-04-17T11:29:21+00:00\" \/>\n<meta name=\"twitter:card\" content=\"summary_large_image\" \/>\n<meta name=\"twitter:label1\" content=\"Predpokladan\u00fd \u010das \u010d\u00edtania\" \/>\n\t<meta name=\"twitter:data1\" content=\"1 min\u00fata\" \/>\n<script type=\"application\/ld+json\" class=\"yoast-schema-graph\">{\"@context\":\"https:\/\/schema.org\",\"@graph\":[{\"@type\":\"WebPage\",\"@id\":\"https:\/\/www.tenerifemaintenance.com\/galeria\/\",\"url\":\"https:\/\/www.tenerifemaintenance.com\/galeria\/\",\"name\":\"Gal\u00e9ria - Painting &amp; Cleaning\",\"isPartOf\":{\"@id\":\"https:\/\/www.tenerifemaintenance.com\/#website\"},\"datePublished\":\"2025-04-17T11:21:42+00:00\",\"dateModified\":\"2025-04-17T11:29:21+00:00\",\"description\":\"M\u00e1te z\u00e1ujem \u010di ot\u00e1zky? Nev\u00e1hajte n\u00e1s kontaktova\u0165.\",\"breadcrumb\":{\"@id\":\"https:\/\/www.tenerifemaintenance.com\/galeria\/#breadcrumb\"},\"inLanguage\":\"sk-SK\",\"potentialAction\":[{\"@type\":\"ReadAction\",\"target\":[\"https:\/\/www.tenerifemaintenance.com\/galeria\/\"]}]},{\"@type\":\"BreadcrumbList\",\"@id\":\"https:\/\/www.tenerifemaintenance.com\/galeria\/#breadcrumb\",\"itemListElement\":[{\"@type\":\"ListItem\",\"position\":1,\"name\":\"Home\",\"item\":\"https:\/\/www.tenerifemaintenance.com\/\"},{\"@type\":\"ListItem\",\"position\":2,\"name\":\"Gal\u00e9ria\"}]},{\"@type\":\"WebSite\",\"@id\":\"https:\/\/www.tenerifemaintenance.com\/#website\",\"url\":\"https:\/\/www.tenerifemaintenance.com\/\",\"name\":\"Painting &amp; Cleaning\",\"description\":\"\",\"publisher\":{\"@id\":\"https:\/\/www.tenerifemaintenance.com\/#organization\"},\"potentialAction\":[{\"@type\":\"SearchAction\",\"target\":{\"@type\":\"EntryPoint\",\"urlTemplate\":\"https:\/\/www.tenerifemaintenance.com\/?s={search_term_string}\"},\"query-input\":{\"@type\":\"PropertyValueSpecification\",\"valueRequired\":true,\"valueName\":\"search_term_string\"}}],\"inLanguage\":\"sk-SK\"},{\"@type\":\"Organization\",\"@id\":\"https:\/\/www.tenerifemaintenance.com\/#organization\",\"name\":\"Painting &amp; Cleaning\",\"url\":\"https:\/\/www.tenerifemaintenance.com\/\",\"logo\":{\"@type\":\"ImageObject\",\"inLanguage\":\"sk-SK\",\"@id\":\"https:\/\/www.tenerifemaintenance.com\/#\/schema\/logo\/image\/\",\"url\":\"https:\/\/www.tenerifemaintenance.com\/wp-content\/uploads\/2025\/04\/Logo-cierne-pozadie.png\",\"contentUrl\":\"https:\/\/www.tenerifemaintenance.com\/wp-content\/uploads\/2025\/04\/Logo-cierne-pozadie.png\",\"width\":375,\"height\":205,\"caption\":\"Painting &amp; Cleaning\"},\"image\":{\"@id\":\"https:\/\/www.tenerifemaintenance.com\/#\/schema\/logo\/image\/\"}}]}<\/script>\n<!-- \/ Yoast SEO plugin. -->","yoast_head_json":{"title":"Gal\u00e9ria - Painting &amp; Cleaning","description":"M\u00e1te z\u00e1ujem \u010di ot\u00e1zky? Nev\u00e1hajte n\u00e1s kontaktova\u0165.","robots":{"index":"index","follow":"follow","max-snippet":"max-snippet:-1","max-image-preview":"max-image-preview:large","max-video-preview":"max-video-preview:-1"},"canonical":"https:\/\/www.tenerifemaintenance.com\/galeria\/","og_locale":"sk_SK","og_type":"article","og_title":"Gal\u00e9ria - Painting &amp; Cleaning","og_description":"M\u00e1te z\u00e1ujem \u010di ot\u00e1zky? Nev\u00e1hajte n\u00e1s kontaktova\u0165.","og_url":"https:\/\/www.tenerifemaintenance.com\/galeria\/","og_site_name":"Painting &amp; Cleaning","article_modified_time":"2025-04-17T11:29:21+00:00","twitter_card":"summary_large_image","twitter_misc":{"Predpokladan\u00fd \u010das \u010d\u00edtania":"1 min\u00fata"},"schema":{"@context":"https:\/\/schema.org","@graph":[{"@type":"WebPage","@id":"https:\/\/www.tenerifemaintenance.com\/galeria\/","url":"https:\/\/www.tenerifemaintenance.com\/galeria\/","name":"Gal\u00e9ria - Painting &amp; Cleaning","isPartOf":{"@id":"https:\/\/www.tenerifemaintenance.com\/#website"},"datePublished":"2025-04-17T11:21:42+00:00","dateModified":"2025-04-17T11:29:21+00:00","description":"M\u00e1te z\u00e1ujem \u010di ot\u00e1zky? Nev\u00e1hajte n\u00e1s kontaktova\u0165.","breadcrumb":{"@id":"https:\/\/www.tenerifemaintenance.com\/galeria\/#breadcrumb"},"inLanguage":"sk-SK","potentialAction":[{"@type":"ReadAction","target":["https:\/\/www.tenerifemaintenance.com\/galeria\/"]}]},{"@type":"BreadcrumbList","@id":"https:\/\/www.tenerifemaintenance.com\/galeria\/#breadcrumb","itemListElement":[{"@type":"ListItem","position":1,"name":"Home","item":"https:\/\/www.tenerifemaintenance.com\/"},{"@type":"ListItem","position":2,"name":"Gal\u00e9ria"}]},{"@type":"WebSite","@id":"https:\/\/www.tenerifemaintenance.com\/#website","url":"https:\/\/www.tenerifemaintenance.com\/","name":"Painting &amp; Cleaning","description":"","publisher":{"@id":"https:\/\/www.tenerifemaintenance.com\/#organization"},"potentialAction":[{"@type":"SearchAction","target":{"@type":"EntryPoint","urlTemplate":"https:\/\/www.tenerifemaintenance.com\/?s={search_term_string}"},"query-input":{"@type":"PropertyValueSpecification","valueRequired":true,"valueName":"search_term_string"}}],"inLanguage":"sk-SK"},{"@type":"Organization","@id":"https:\/\/www.tenerifemaintenance.com\/#organization","name":"Painting &amp; Cleaning","url":"https:\/\/www.tenerifemaintenance.com\/","logo":{"@type":"ImageObject","inLanguage":"sk-SK","@id":"https:\/\/www.tenerifemaintenance.com\/#\/schema\/logo\/image\/","url":"https:\/\/www.tenerifemaintenance.com\/wp-content\/uploads\/2025\/04\/Logo-cierne-pozadie.png","contentUrl":"https:\/\/www.tenerifemaintenance.com\/wp-content\/uploads\/2025\/04\/Logo-cierne-pozadie.png","width":375,"height":205,"caption":"Painting &amp; Cleaning"},"image":{"@id":"https:\/\/www.tenerifemaintenance.com\/#\/schema\/logo\/image\/"}}]}},"_links":{"self":[{"href":"https:\/\/www.tenerifemaintenance.com\/sk\/wp-json\/wp\/v2\/pages\/490","targetHints":{"allow":["GET"]}}],"collection":[{"href":"https:\/\/www.tenerifemaintenance.com\/sk\/wp-json\/wp\/v2\/pages"}],"about":[{"href":"https:\/\/www.tenerifemaintenance.com\/sk\/wp-json\/wp\/v2\/types\/page"}],"author":[{"embeddable":true,"href":"https:\/\/www.tenerifemaintenance.com\/sk\/wp-json\/wp\/v2\/users\/3"}],"replies":[{"embeddable":true,"href":"https:\/\/www.tenerifemaintenance.com\/sk\/wp-json\/wp\/v2\/comments?post=490"}],"version-history":[{"count":4,"href":"https:\/\/www.tenerifemaintenance.com\/sk\/wp-json\/wp\/v2\/pages\/490\/revisions"}],"predecessor-version":[{"id":510,"href":"https:\/\/www.tenerifemaintenance.com\/sk\/wp-json\/wp\/v2\/pages\/490\/revisions\/510"}],"wp:attachment":[{"href":"https:\/\/www.tenerifemaintenance.com\/sk\/wp-json\/wp\/v2\/media?parent=490"}],"curies":[{"name":"wp","href":"https:\/\/api.w.org\/{rel}","templated":true}]}}